{"id":54455,"date":"2025-11-12T20:50:21","date_gmt":"2025-11-12T19:50:21","guid":{"rendered":"https:\/\/race4driftparts.com\/?post_type=product&#038;p=54455"},"modified":"2025-11-16T15:18:39","modified_gmt":"2025-11-16T14:18:39","slug":"bmw-e36-sedan-overfenders-set-v2-front-60mm-v2-rear-45mm-with-door-handle-felony-style","status":"publish","type":"product","link":"https:\/\/race4driftparts.com\/fr\/shop\/exterieur\/bodykits\/bmw-e36-sedan-overfenders-set-v2-front-60mm-v2-rear-45mm-with-door-handle-felony-style\/","title":{"rendered":"BMW E36 Sedan Overfenders Set - V2 Front +60mm \/ V2 Rear +45mm (With Door Handle, Felony Style)"},"content":{"rendered":"<h2>BMW E36 Sedan Overfenders Set - V2 Front +60mm \/ V2 Rear +45mm (With Door Handle, Felony Style)<\/h2>\n<p data-start=\"137\" data-end=\"604\">Donnez votre <strong data-start=\"145\" data-end=\"162\">BMW E36 Berline<\/strong> un look puissant et distinctif avec cette <strong data-start=\"212\" data-end=\"273\">Jeu de pare-chocs V2 de style f\u00e9lon avec d\u00e9coupes pour les poign\u00e9es de porte<\/strong>. Ce set est con\u00e7u pour les passionn\u00e9s qui souhaitent \u00e9quiper leur E36 d'une <strong data-start=\"350\" data-end=\"378\">look large et agressif<\/strong> tout en conservant la fonctionnalit\u00e9 et les lignes originales. Gr\u00e2ce \u00e0 la <strong data-start=\"442\" data-end=\"461\">V2 Avant +60 mm<\/strong> et <strong data-start=\"465\" data-end=\"483\">V2 Arri\u00e8re +45 mm<\/strong> L'\u00e9largissement de chaque c\u00f4t\u00e9 donnera \u00e0 votre berline une allure plus sportive. <strong data-start=\"525\" data-end=\"552\">position large et muscl\u00e9e<\/strong> qui convient parfaitement aux voitures de drift, de course et d'exposition.<\/p>\n<p data-start=\"606\" data-end=\"959\">Les overfenders V2 sont con\u00e7us avec <strong data-start=\"643\" data-end=\"674\">pr\u00e9cision et souci du d\u00e9tail<\/strong>inspir\u00e9e de l'embl\u00e9matique <strong data-start=\"705\" data-end=\"735\">Formulaire Felony Style large<\/strong> du monde de la d\u00e9rive et du sport automobile. Les <strong data-start=\"773\" data-end=\"808\">d\u00e9coupes pour les poign\u00e9es de porte<\/strong> Les passages de roue plus larges offrent de l'espace pour le transport de marchandises. <strong data-start=\"895\" data-end=\"913\">des roues plus larges<\/strong> et <strong data-start=\"917\" data-end=\"939\">plus de libert\u00e9 de pilotage<\/strong> \u00e0 l'avant.<\/p>\n<p data-start=\"961\" data-end=\"980\"><strong data-start=\"961\" data-end=\"978\">L'ensemble comprend<\/strong><\/p>\n<ul data-start=\"981\" data-end=\"1170\">\n<li data-start=\"981\" data-end=\"1048\">\n<p data-start=\"983\" data-end=\"1048\"><strong data-start=\"983\" data-end=\"1018\">Garde-boue avant (V2 Front) :<\/strong> +\u00c9largissement de 60 mm par c\u00f4t\u00e9<\/p>\n<\/li>\n<li data-start=\"1049\" data-end=\"1117\">\n<p data-start=\"1051\" data-end=\"1117\"><strong data-start=\"1051\" data-end=\"1087\">Garde-boue arri\u00e8re (V2 Rear) :<\/strong> +\u00c9largissement de 45 mm de chaque c\u00f4t\u00e9<\/p>\n<\/li>\n<li data-start=\"1118\" data-end=\"1170\">\n<p data-start=\"1120\" data-end=\"1170\"><strong data-start=\"1120\" data-end=\"1168\">Avec d\u00e9coupes pour les poign\u00e9es de porte (aspect OEM)<\/strong><\/p>\n<\/li>\n<\/ul>\n<p data-start=\"1172\" data-end=\"1461\">Fabriqu\u00e9 en <strong data-start=\"1184\" data-end=\"1216\">Fibre de verre de haute qualit\u00e9 (FRP)<\/strong> et a termin\u00e9 avec un <strong data-start=\"1238\" data-end=\"1255\">gelcoat blanc<\/strong>Ces garde-boue sont l\u00e9gers, solides et faciles \u00e0 monter. La largeur suppl\u00e9mentaire permet de monter des ensembles de roues et de pneus plus agressifs, ce qui garantit une plus grande s\u00e9curit\u00e9. <strong data-start=\"1418\" data-end=\"1458\">Am\u00e9lioration de l'adh\u00e9rence, de la maniabilit\u00e9 et de l'apparence<\/strong>.<\/p>\n<p data-start=\"1463\" data-end=\"1476\"><strong data-start=\"1463\" data-end=\"1474\">Remarque :<\/strong><\/p>\n<ul data-start=\"1477\" data-end=\"1693\">\n<li data-start=\"1477\" data-end=\"1565\">\n<p data-start=\"1479\" data-end=\"1565\">Le produit est <strong data-start=\"1494\" data-end=\"1526\">non pr\u00e9par\u00e9 pour la peinture<\/strong> et est d\u00e9livr\u00e9 <strong data-start=\"1545\" data-end=\"1562\">sans primer<\/strong>.<\/p>\n<\/li>\n<li data-start=\"1566\" data-end=\"1693\">\n<p data-start=\"1568\" data-end=\"1693\">Pour de meilleurs r\u00e9sultats, il est recommand\u00e9 que la surface <strong data-start=\"1624\" data-end=\"1661\">pon\u00e7age l\u00e9ger et ajustement<\/strong> avant la pulv\u00e9risation ou l'assemblage.<\/p>\n<\/li>\n<\/ul>\n<p data-start=\"1695\" data-end=\"1715\"><strong data-start=\"1695\" data-end=\"1713\">Sp\u00e9cifications :<\/strong><\/p>\n<ul data-start=\"1716\" data-end=\"1933\">\n<li data-start=\"1716\" data-end=\"1751\">\n<p data-start=\"1718\" data-end=\"1751\"><strong data-start=\"1718\" data-end=\"1732\">Mat\u00e9riau :<\/strong> Fibre de verre (FRP)<\/p>\n<\/li>\n<li data-start=\"1752\" data-end=\"1780\">\n<p data-start=\"1754\" data-end=\"1780\"><strong data-start=\"1754\" data-end=\"1764\">Couleur :<\/strong> Gelcoat blanc<\/p>\n<\/li>\n<li data-start=\"1781\" data-end=\"1814\">\n<p data-start=\"1783\" data-end=\"1814\"><strong data-start=\"1783\" data-end=\"1798\">Application :<\/strong> BMW E36 Berline<\/p>\n<\/li>\n<li data-start=\"1815\" data-end=\"1874\">\n<p data-start=\"1817\" data-end=\"1874\"><strong data-start=\"1817\" data-end=\"1829\">Largeur :<\/strong> V2 avant +60 mm \/ V2 arri\u00e8re +45 mm par c\u00f4t\u00e9<\/p>\n<\/li>\n<li data-start=\"1875\" data-end=\"1933\">\n<p data-start=\"1877\" data-end=\"1933\"><strong data-start=\"1877\" data-end=\"1888\">Conception :<\/strong> Avec encoche pour poign\u00e9e de porte<\/p>\n<\/li>\n<\/ul>\n<p data-start=\"1935\" data-end=\"1976\"><strong data-start=\"1935\" data-end=\"1974\">Pourquoi choisir Race4DriftParts :<\/strong><\/p>\n<ul data-start=\"1977\" data-end=\"2197\">\n<li data-start=\"1977\" data-end=\"2022\">\n<p data-start=\"1979\" data-end=\"2022\">Stock important en <strong data-start=\"1997\" data-end=\"2020\">Roermond, Pays-Bas<\/strong><\/p>\n<\/li>\n<li data-start=\"2023\" data-end=\"2081\">\n<p data-start=\"2025\" data-end=\"2081\">Sp\u00e9cialiste en <strong data-start=\"2039\" data-end=\"2079\">pi\u00e8ces de d\u00e9rive, de course et de carrosserie<\/strong><\/p>\n<\/li>\n<li data-start=\"2082\" data-end=\"2119\">\n<p data-start=\"2084\" data-end=\"2119\"><strong data-start=\"2084\" data-end=\"2103\">Livraison rapide<\/strong> en Europe<\/p>\n<\/li>\n<li data-start=\"2120\" data-end=\"2197\">\n<p data-start=\"2122\" data-end=\"2197\"><strong data-start=\"2122\" data-end=\"2140\">Haute qualit\u00e9<\/strong>Une finition agressive de type Felony, un ajustement parfait et une finition agressive de type Felony<\/p>\n<\/li>\n<\/ul>\n<p data-start=\"2199\" data-end=\"2379\">Donnez \u00e0 votre E36 Sedan la transformation la plus large possible avec le <strong data-start=\"2258\" data-end=\"2308\">BMW E36 Sedan V2 Overfenders Set avec poign\u00e9e de porte<\/strong> - pour une combinaison parfaite de <strong data-start=\"2343\" data-end=\"2376\">apparence, performance et ajustement<\/strong>.<\/p>","protected":false},"excerpt":{"rendered":"<h2>BMW E36 Sedan Overfenders Set - V2 Front +60mm \/ V2 Rear +45mm (With Door Handle, Felony Style)<\/h2>\n<p data-start=\"2420\" data-end=\"2856\">Am\u00e9liorez votre BMW E36 Sedan avec la <strong data-start=\"2452\" data-end=\"2501\">V2 Felony Style Overfenders Set avec poign\u00e9e de porte<\/strong>. Les <strong data-start=\"2506\" data-end=\"2518\">V2 Front<\/strong> s'\u00e9largit avec <strong data-start=\"2533\" data-end=\"2553\">+60 mm par c\u00f4t\u00e9<\/strong> et le <strong data-start=\"2560\" data-end=\"2571\">V2 arri\u00e8re<\/strong> avec <strong data-start=\"2576\" data-end=\"2596\">+45 mm par c\u00f4t\u00e9<\/strong> pour un look large et agressif. Gr\u00e2ce aux d\u00e9coupes pour les poign\u00e9es de porte, vous conservez les lignes d'origine et l'aspect pratique. Fabriqu\u00e9 en <strong data-start=\"2742\" data-end=\"2777\">Fibre de verre (FRP) l\u00e9g\u00e8re et r\u00e9sistante<\/strong> avec <strong data-start=\"2782\" data-end=\"2809\">finition gelcoat blanc<\/strong>. Id\u00e9al pour les projets de drift, de course ou d'exposition.<\/p>\n<p data-start=\"2858\" data-end=\"3043\" data-is-last-node=\"\" data-is-only-node=\"\"><strong data-start=\"2858\" data-end=\"2873\">Application :<\/strong> BMW E36 Berline<br data-start=\"2887\" data-end=\"2890\" \/><strong data-start=\"2890\" data-end=\"2902\">Largeur :<\/strong> V2 avant +60 mm \/ V2 arri\u00e8re +45 mm<br data-start=\"2935\" data-end=\"2938\" \/><strong data-start=\"2938\" data-end=\"2952\">Mat\u00e9riau :<\/strong> Fibre de verre (FRP)<br data-start=\"2969\" data-end=\"2972\" \/><strong data-start=\"2972\" data-end=\"2982\">Couleur :<\/strong> Gelcoat blanc<br data-start=\"2996\" data-end=\"2999\" \/><strong data-start=\"2999\" data-end=\"3010\">Conception :<\/strong> Avec poign\u00e9e de porte<\/p>","protected":false},"featured_media":54456,"comment_status":"open","ping_status":"closed","template":"","meta":{"_acf_changed":false},"product_brand":[4112],"product_cat":[160],"product_tag":[627,3704,4113,4120,4117],"giftcard-category":[],"class_list":{"0":"post-54455","1":"product","2":"type-product","3":"status-publish","4":"has-post-thumbnail","6":"product_brand-mway","7":"product_cat-bodykits","8":"product_tag-bmw-e36","9":"product_tag-e36","10":"product_tag-mway","11":"product_tag-sedan","12":"product_tag-widebody","15":"onbackorder","16":"taxable","17":"shipping-taxable","18":"purchasable","19":"product-type-simple","20":"product-grid-view"},"exclude_global_add_ons":[],"addons":[],"acf":[],"_links":{"self":[{"href":"https:\/\/race4driftparts.com\/fr\/wp-json\/wp\/v2\/product\/54455","targetHints":{"allow":["GET"]}}],"collection":[{"href":"https:\/\/race4driftparts.com\/fr\/wp-json\/wp\/v2\/product"}],"about":[{"href":"https:\/\/race4driftparts.com\/fr\/wp-json\/wp\/v2\/types\/product"}],"replies":[{"embeddable":true,"href":"https:\/\/race4driftparts.com\/fr\/wp-json\/wp\/v2\/comments?post=54455"}],"version-history":[{"count":0,"href":"https:\/\/race4driftparts.com\/fr\/wp-json\/wp\/v2\/product\/54455\/revisions"}],"wp:featuredmedia":[{"embeddable":true,"href":"https:\/\/race4driftparts.com\/fr\/wp-json\/wp\/v2\/media\/54456"}],"wp:attachment":[{"href":"https:\/\/race4driftparts.com\/fr\/wp-json\/wp\/v2\/media?parent=54455"}],"wp:term":[{"taxonomy":"product_brand","embeddable":true,"href":"https:\/\/race4driftparts.com\/fr\/wp-json\/wp\/v2\/product_brand?post=54455"},{"taxonomy":"product_cat","embeddable":true,"href":"https:\/\/race4driftparts.com\/fr\/wp-json\/wp\/v2\/product_cat?post=54455"},{"taxonomy":"product_tag","embeddable":true,"href":"https:\/\/race4driftparts.com\/fr\/wp-json\/wp\/v2\/product_tag?post=54455"},{"taxonomy":"giftcard-category","embeddable":true,"href":"https:\/\/race4driftparts.com\/fr\/wp-json\/wp\/v2\/giftcard-category?post=54455"}],"curies":[{"name":"wp","href":"https:\/\/api.w.org\/{rel}","templated":true}]}}