{"id":54466,"date":"2025-11-12T21:01:47","date_gmt":"2025-11-12T20:01:47","guid":{"rendered":"https:\/\/race4driftparts.com\/?post_type=product&#038;p=54466"},"modified":"2025-11-16T15:18:39","modified_gmt":"2025-11-16T14:18:39","slug":"bmw-e36-sedan-overfenders-set-v3-front-60mm-with-vent-v2-rear-45mm-with-door-handle-felony-style","status":"publish","type":"product","link":"https:\/\/race4driftparts.com\/fr\/shop\/exterieur\/bodykits\/bmw-e36-sedan-overfenders-set-v3-front-60mm-with-vent-v2-rear-45mm-with-door-handle-felony-style\/","title":{"rendered":"BMW E36 Sedan Overfenders Set - V3 Front +60mm with Vent \/ V2 Rear +45mm (With Door Handle, Felony Style)"},"content":{"rendered":"<h2>BMW E36 Sedan Overfenders Set - V3 Front +60mm with Vent \/ V2 Rear +45mm (With Door Handle, Felony Style)<\/h2>\n<p data-start=\"147\" data-end=\"702\">Donnez votre <strong data-start=\"155\" data-end=\"172\">BMW E36 Berline<\/strong> un look unique, agressif et fonctionnel avec cette <strong data-start=\"232\" data-end=\"288\">Jeu de garde-boue de style f\u00e9lon avec \u00e9vents<\/strong>. Cet ensemble combine les <strong data-start=\"313\" data-end=\"341\">V3 Avant +60 mm avec \u00e9vent<\/strong> et le <strong data-start=\"348\" data-end=\"392\">V2 Arri\u00e8re +45 mm avec d\u00e9coupes pour les poign\u00e9es de porte<\/strong>pour un \u00e9quilibre parfait entre <strong data-start=\"426\" data-end=\"472\">conception a\u00e9rodynamique, performance et style<\/strong>. Les bouches d'a\u00e9ration int\u00e9gr\u00e9es dans les ailes avant am\u00e9liorent la circulation de l'air et le refroidissement des passages de roue, tandis que les ailes arri\u00e8re avec les d\u00e9coupes pour les poign\u00e9es de porte assurent une meilleure circulation de l'air et un meilleur refroidissement. <strong data-start=\"662\" data-end=\"699\">Look OEM avec apparence large<\/strong>.<\/p>\n<p data-start=\"704\" data-end=\"1051\">Les garde-fous ont \u00e9t\u00e9 d\u00e9velopp\u00e9s avec <strong data-start=\"739\" data-end=\"770\">pr\u00e9cision et souci du d\u00e9tail<\/strong>inspir\u00e9e de la c\u00e9l\u00e8bre <strong data-start=\"799\" data-end=\"829\">Formulaire Felony Style large<\/strong> du monde du drift et du sport automobile. Id\u00e9al pour ceux qui veulent \u00e9quiper leur E36 d'une <strong data-start=\"910\" data-end=\"944\">mise \u00e0 niveau du corps large professionnel<\/strong> qui ne se contente pas d'impressionner visuellement, mais offre \u00e9galement des avantages fonctionnels en cas de d\u00e9rive ou d'utilisation sur circuit.<\/p>\n<p data-start=\"1053\" data-end=\"1072\"><strong data-start=\"1053\" data-end=\"1070\">L'ensemble comprend<\/strong><\/p>\n<ul data-start=\"1073\" data-end=\"1321\">\n<li data-start=\"1073\" data-end=\"1173\">\n<p data-start=\"1075\" data-end=\"1173\"><strong data-start=\"1075\" data-end=\"1110\">Garde-boue avant (V3 Front) :<\/strong> +60 mm d'\u00e9largissement par c\u00f4t\u00e9, avec \u00e9vents<\/p>\n<\/li>\n<li data-start=\"1174\" data-end=\"1269\">\n<p data-start=\"1176\" data-end=\"1269\"><strong data-start=\"1176\" data-end=\"1212\">Garde-boue arri\u00e8re (V2 Rear) :<\/strong> +45 mm d'\u00e9largissement par c\u00f4t\u00e9, avec \u00e9videments pour la poign\u00e9e de porte<\/p>\n<\/li>\n<li data-start=\"1270\" data-end=\"1321\">\n<p data-start=\"1272\" data-end=\"1321\"><strong data-start=\"1272\" data-end=\"1319\">Combinaison de la fonctionnalit\u00e9 et de l'aspect OEM<\/strong><\/p>\n<\/li>\n<\/ul>\n<p data-start=\"1323\" data-end=\"1665\">Fabriqu\u00e9 en <strong data-start=\"1335\" data-end=\"1367\">Fibre de verre de haute qualit\u00e9 (FRP)<\/strong> et a termin\u00e9 avec un <strong data-start=\"1389\" data-end=\"1406\">gelcoat blanc<\/strong>Ces garde-boue sont l\u00e9gers, solides et faciles \u00e0 monter. L'espace suppl\u00e9mentaire autour des passages de roue permet d'utiliser des jantes et des pneus plus larges. <strong data-start=\"1592\" data-end=\"1624\">meilleure tenue de route, plus d'adh\u00e9rence<\/strong> et un <strong data-start=\"1632\" data-end=\"1662\">aspect extr\u00eamement robuste<\/strong>.<\/p>\n<p data-start=\"1667\" data-end=\"1680\"><strong data-start=\"1667\" data-end=\"1678\">Remarque :<\/strong><\/p>\n<ul data-start=\"1681\" data-end=\"1897\">\n<li data-start=\"1681\" data-end=\"1769\">\n<p data-start=\"1683\" data-end=\"1769\">Le produit est <strong data-start=\"1698\" data-end=\"1730\">non pr\u00e9par\u00e9 pour la peinture<\/strong> et est d\u00e9livr\u00e9 <strong data-start=\"1749\" data-end=\"1766\">sans primer<\/strong>.<\/p>\n<\/li>\n<li data-start=\"1770\" data-end=\"1897\">\n<p data-start=\"1772\" data-end=\"1897\">Pour de meilleurs r\u00e9sultats, il est recommand\u00e9 que la surface <strong data-start=\"1828\" data-end=\"1865\">pon\u00e7age l\u00e9ger et ajustement<\/strong> avant la pulv\u00e9risation ou l'assemblage.<\/p>\n<\/li>\n<\/ul>\n<p data-start=\"1899\" data-end=\"1919\"><strong data-start=\"1899\" data-end=\"1917\">Sp\u00e9cifications :<\/strong><\/p>\n<ul data-start=\"1920\" data-end=\"2155\">\n<li data-start=\"1920\" data-end=\"1955\">\n<p data-start=\"1922\" data-end=\"1955\"><strong data-start=\"1922\" data-end=\"1936\">Mat\u00e9riau :<\/strong> Fibre de verre (FRP)<\/p>\n<\/li>\n<li data-start=\"1956\" data-end=\"1984\">\n<p data-start=\"1958\" data-end=\"1984\"><strong data-start=\"1958\" data-end=\"1968\">Couleur :<\/strong> Gelcoat blanc<\/p>\n<\/li>\n<li data-start=\"1985\" data-end=\"2018\">\n<p data-start=\"1987\" data-end=\"2018\"><strong data-start=\"1987\" data-end=\"2002\">Application :<\/strong> BMW E36 Berline<\/p>\n<\/li>\n<li data-start=\"2019\" data-end=\"2078\">\n<p data-start=\"2021\" data-end=\"2078\"><strong data-start=\"2021\" data-end=\"2033\">Largeur :<\/strong> V3 avant +60 mm \/ V2 arri\u00e8re +45 mm par c\u00f4t\u00e9<\/p>\n<\/li>\n<li data-start=\"2079\" data-end=\"2155\">\n<p data-start=\"2081\" data-end=\"2155\"><strong data-start=\"2081\" data-end=\"2092\">Conception :<\/strong> V3 avec bouches d'a\u00e9ration (avant) \/ V2 avec poign\u00e9e de porte (arri\u00e8re)<\/p>\n<\/li>\n<\/ul>\n<p data-start=\"2157\" data-end=\"2198\"><strong data-start=\"2157\" data-end=\"2196\">Pourquoi choisir Race4DriftParts :<\/strong><\/p>\n<ul data-start=\"2199\" data-end=\"2415\">\n<li data-start=\"2199\" data-end=\"2244\">\n<p data-start=\"2201\" data-end=\"2244\">Stock important en <strong data-start=\"2219\" data-end=\"2242\">Roermond, Pays-Bas<\/strong><\/p>\n<\/li>\n<li data-start=\"2245\" data-end=\"2303\">\n<p data-start=\"2247\" data-end=\"2303\">Sp\u00e9cialiste en <strong data-start=\"2261\" data-end=\"2301\">pi\u00e8ces de d\u00e9rive, de course et de carrosserie<\/strong><\/p>\n<\/li>\n<li data-start=\"2304\" data-end=\"2341\">\n<p data-start=\"2306\" data-end=\"2341\"><strong data-start=\"2306\" data-end=\"2325\">Livraison rapide<\/strong> en Europe<\/p>\n<\/li>\n<li data-start=\"2342\" data-end=\"2415\">\n<p data-start=\"2344\" data-end=\"2415\"><strong data-start=\"2344\" data-end=\"2362\">Haute qualit\u00e9<\/strong>Un ajustement parfait et une finition r\u00e9sistante de type Felony<\/p>\n<\/li>\n<\/ul>\n<p data-start=\"2417\" data-end=\"2605\">Faites passer votre E36 Sedan \u00e0 la vitesse sup\u00e9rieure avec le <strong data-start=\"2470\" data-end=\"2531\">BMW E36 Sedan Overfenders Set V3\/V2 avec \u00e9vent et poign\u00e9e de porte<\/strong> - la combinaison parfaite de <strong data-start=\"2561\" data-end=\"2602\">style, fonctionnalit\u00e9 et performance<\/strong>.<\/p>","protected":false},"excerpt":{"rendered":"<p data-start=\"2646\" data-end=\"3076\">Donnez \u00e0 votre BMW E36 Sedan un look large, agressif et fonctionnel avec le <strong data-start=\"2719\" data-end=\"2757\">Set d'overfenders V3\/V2 Felony Style<\/strong>. Les <strong data-start=\"2762\" data-end=\"2774\">V3 Front<\/strong> s'\u00e9largit avec <strong data-start=\"2789\" data-end=\"2809\">+60 mm par c\u00f4t\u00e9<\/strong> et contient <strong data-start=\"2819\" data-end=\"2856\">bouches d'a\u00e9ration fonctionnelles<\/strong>, tandis que le <strong data-start=\"2869\" data-end=\"2880\">V2 arri\u00e8re<\/strong> avec <strong data-start=\"2885\" data-end=\"2905\">+45 mm par c\u00f4t\u00e9<\/strong> est \u00e9quip\u00e9 de <strong data-start=\"2922\" data-end=\"2947\">d\u00e9coupes de la poign\u00e9e de porte<\/strong>. Fabriqu\u00e9 en <strong data-start=\"2961\" data-end=\"2996\">Fibre de verre (FRP) l\u00e9g\u00e8re et r\u00e9sistante<\/strong> avec <strong data-start=\"3001\" data-end=\"3028\">finition gelcoat blanc<\/strong>. Parfait pour les projets de drift, de course ou d'exposition.<\/p>\n<p data-start=\"3078\" data-end=\"3297\" data-is-last-node=\"\" data-is-only-node=\"\"><strong data-start=\"3078\" data-end=\"3093\">Application :<\/strong> BMW E36 Berline<br data-start=\"3107\" data-end=\"3110\" \/><strong data-start=\"3110\" data-end=\"3122\">Largeur :<\/strong> V3 Avant +60 mm (avec \u00e9vent) \/ V2 Arri\u00e8re +45 mm (avec poign\u00e9e de porte)<br data-start=\"3182\" data-end=\"3185\" \/><strong data-start=\"3185\" data-end=\"3199\">Mat\u00e9riau :<\/strong> Fibre de verre (FRP)<br data-start=\"3216\" data-end=\"3219\" \/><strong data-start=\"3219\" data-end=\"3229\">Couleur :<\/strong> Gelcoat blanc<br data-start=\"3243\" data-end=\"3246\" \/><strong data-start=\"3246\" data-end=\"3257\">Conception :<\/strong> Avec \u00e9vent (avant) \/ avec poign\u00e9e de porte (arri\u00e8re)<\/p>","protected":false},"featured_media":54467,"comment_status":"open","ping_status":"closed","template":"","meta":{"_acf_changed":false},"product_brand":[4112],"product_cat":[160],"product_tag":[280,3704,4113,4120,4121,4117],"giftcard-category":[],"class_list":{"0":"post-54466","1":"product","2":"type-product","3":"status-publish","4":"has-post-thumbnail","6":"product_brand-mway","7":"product_cat-bodykits","8":"product_tag-drift","9":"product_tag-e36","10":"product_tag-mway","11":"product_tag-sedan","12":"product_tag-vents","13":"product_tag-widebody","16":"onbackorder","17":"taxable","18":"shipping-taxable","19":"purchasable","20":"product-type-simple","21":"product-grid-view"},"exclude_global_add_ons":[],"addons":[],"acf":[],"_links":{"self":[{"href":"https:\/\/race4driftparts.com\/fr\/wp-json\/wp\/v2\/product\/54466","targetHints":{"allow":["GET"]}}],"collection":[{"href":"https:\/\/race4driftparts.com\/fr\/wp-json\/wp\/v2\/product"}],"about":[{"href":"https:\/\/race4driftparts.com\/fr\/wp-json\/wp\/v2\/types\/product"}],"replies":[{"embeddable":true,"href":"https:\/\/race4driftparts.com\/fr\/wp-json\/wp\/v2\/comments?post=54466"}],"version-history":[{"count":0,"href":"https:\/\/race4driftparts.com\/fr\/wp-json\/wp\/v2\/product\/54466\/revisions"}],"wp:featuredmedia":[{"embeddable":true,"href":"https:\/\/race4driftparts.com\/fr\/wp-json\/wp\/v2\/media\/54467"}],"wp:attachment":[{"href":"https:\/\/race4driftparts.com\/fr\/wp-json\/wp\/v2\/media?parent=54466"}],"wp:term":[{"taxonomy":"product_brand","embeddable":true,"href":"https:\/\/race4driftparts.com\/fr\/wp-json\/wp\/v2\/product_brand?post=54466"},{"taxonomy":"product_cat","embeddable":true,"href":"https:\/\/race4driftparts.com\/fr\/wp-json\/wp\/v2\/product_cat?post=54466"},{"taxonomy":"product_tag","embeddable":true,"href":"https:\/\/race4driftparts.com\/fr\/wp-json\/wp\/v2\/product_tag?post=54466"},{"taxonomy":"giftcard-category","embeddable":true,"href":"https:\/\/race4driftparts.com\/fr\/wp-json\/wp\/v2\/giftcard-category?post=54466"}],"curies":[{"name":"wp","href":"https:\/\/api.w.org\/{rel}","templated":true}]}}