{"id":54476,"date":"2025-11-12T21:09:08","date_gmt":"2025-11-12T20:09:08","guid":{"rendered":"https:\/\/race4driftparts.com\/?post_type=product&#038;p=54476"},"modified":"2026-02-22T23:39:47","modified_gmt":"2026-02-22T22:39:47","slug":"bmw-e36-sedan-overfenders-set-v3-front-60mm-with-vent-v1-rear-45mm-without-door-handle-felony-style","status":"publish","type":"product","link":"https:\/\/race4driftparts.com\/fr\/shop\/exterieur\/bodykits\/bmw-e36-sedan-overfenders-set-v3-front-60mm-with-vent-v1-rear-45mm-without-door-handle-felony-style\/","title":{"rendered":"BMW E36 Sedan Overfenders Set - V3 Front +60mm with Vent \/ V1 Rear +45mm (Without Door Handle, Felony Style)"},"content":{"rendered":"<h2 data-start=\"34\" data-end=\"148\"><strong data-start=\"34\" data-end=\"146\">BMW E36 Sedan Overfenders Set - V3 Front +60mm with Vent \/ V1 Rear +45mm (Without Door Handle, Felony Style)<\/strong><\/h2>\n<p data-start=\"34\" data-end=\"148\">Transformez votre <strong data-start=\"166\" data-end=\"183\">BMW E36 Berline<\/strong> avec cette <strong data-start=\"193\" data-end=\"225\">Jeu de pare-chocs de style f\u00e9lon<\/strong> pour en faire une v\u00e9ritable t\u00eate d'affiche. Cet ensemble combine la <strong data-start=\"283\" data-end=\"326\">V3 Front +60 mm avec \u00e9vents<\/strong> et le <strong data-start=\"333\" data-end=\"380\">V1 Arri\u00e8re +45 mm sans \u00e9videments pour la poign\u00e9e de porte<\/strong>, ce qui se traduit par une <strong data-start=\"404\" data-end=\"480\">un m\u00e9lange unique de style agressif, de fonctionnalit\u00e9 et de finition soign\u00e9e<\/strong>. Id\u00e9al pour ceux qui veulent un look sportif, inspir\u00e9 de la course, avec un maximum de largeur et de performance.<\/p>\n<p data-start=\"581\" data-end=\"952\">Les <strong data-start=\"584\" data-end=\"596\">V3 Front<\/strong> Les garde-boue sont \u00e9quip\u00e9s de <strong data-start=\"627\" data-end=\"664\">bouches d'a\u00e9ration fonctionnelles<\/strong> qui am\u00e9liorent le refroidissement des passages de roue et donnent une impression de puissance dans le domaine du sport automobile. Les <strong data-start=\"761\" data-end=\"772\">V1 Arri\u00e8re<\/strong> Les overfenders, quant \u00e0 eux, ont une <strong data-start=\"808\" data-end=\"851\">design lisse sans ouvertures pour les poign\u00e9es de porte<\/strong>qui fournit un <strong data-start=\"872\" data-end=\"898\">un aspect \u00e9l\u00e9gant et homog\u00e8ne<\/strong> qui convient parfaitement \u00e0 une voiture de drift, de course ou d'exposition.<\/p>\n<p data-start=\"954\" data-end=\"973\"><strong data-start=\"954\" data-end=\"971\">L'ensemble comprend<\/strong><\/p>\n<ul data-start=\"974\" data-end=\"1242\">\n<li data-start=\"974\" data-end=\"1074\">\n<p data-start=\"976\" data-end=\"1074\"><strong data-start=\"976\" data-end=\"1011\">Garde-boue avant (V3 Front) :<\/strong> +60 mm d'\u00e9largissement par c\u00f4t\u00e9, avec \u00e9vents<\/p>\n<\/li>\n<li data-start=\"1075\" data-end=\"1187\">\n<p data-start=\"1077\" data-end=\"1187\"><strong data-start=\"1077\" data-end=\"1113\">Garde-boue arri\u00e8re (V1 Rear) :<\/strong> +45 mm d'\u00e9largissement par c\u00f4t\u00e9, sans \u00e9videment pour la poign\u00e9e de porte (aspect lisse)<\/p>\n<\/li>\n<li data-start=\"1188\" data-end=\"1242\">\n<p data-start=\"1190\" data-end=\"1242\"><strong data-start=\"1190\" data-end=\"1240\">Combinaison de fonctionnalit\u00e9 et de design \u00e9pur\u00e9<\/strong><\/p>\n<\/li>\n<\/ul>\n<p data-start=\"1244\" data-end=\"1555\">Fabriqu\u00e9 en <strong data-start=\"1256\" data-end=\"1288\">Fibre de verre de haute qualit\u00e9 (FRP)<\/strong> et a termin\u00e9 avec un <strong data-start=\"1310\" data-end=\"1327\">gelcoat blanc<\/strong>Ces garde-boue sont l\u00e9gers, solides et faciles \u00e0 monter. L'espace suppl\u00e9mentaire pour les roues permet de monter des jantes et des pneus plus larges. <strong data-start=\"1482\" data-end=\"1520\">meilleure adh\u00e9rence, meilleures performances<\/strong> et un <strong data-start=\"1528\" data-end=\"1552\">position forte et large<\/strong>.<\/p>\n<p data-start=\"1557\" data-end=\"1570\"><strong data-start=\"1557\" data-end=\"1568\">Remarque :<\/strong><\/p>\n<ul data-start=\"1571\" data-end=\"1787\">\n<li data-start=\"1571\" data-end=\"1659\">\n<p data-start=\"1573\" data-end=\"1659\">Le produit est <strong data-start=\"1588\" data-end=\"1620\">non pr\u00e9par\u00e9 pour la peinture<\/strong> et est d\u00e9livr\u00e9 <strong data-start=\"1639\" data-end=\"1656\">sans primer<\/strong>.<\/p>\n<\/li>\n<li data-start=\"1660\" data-end=\"1787\">\n<p data-start=\"1662\" data-end=\"1787\">Pour de meilleurs r\u00e9sultats, il est recommand\u00e9 que la surface <strong data-start=\"1718\" data-end=\"1755\">pon\u00e7age l\u00e9ger et ajustement<\/strong> avant la pulv\u00e9risation ou l'assemblage.<\/p>\n<\/li>\n<\/ul>\n<p data-start=\"1789\" data-end=\"1809\"><strong data-start=\"1789\" data-end=\"1807\">Sp\u00e9cifications :<\/strong><\/p>\n<ul data-start=\"1810\" data-end=\"2048\">\n<li data-start=\"1810\" data-end=\"1845\">\n<p data-start=\"1812\" data-end=\"1845\"><strong data-start=\"1812\" data-end=\"1826\">Mat\u00e9riau :<\/strong> Fibre de verre (FRP)<\/p>\n<\/li>\n<li data-start=\"1846\" data-end=\"1874\">\n<p data-start=\"1848\" data-end=\"1874\"><strong data-start=\"1848\" data-end=\"1858\">Couleur :<\/strong> Gelcoat blanc<\/p>\n<\/li>\n<li data-start=\"1875\" data-end=\"1908\">\n<p data-start=\"1877\" data-end=\"1908\"><strong data-start=\"1877\" data-end=\"1892\">Application :<\/strong> BMW E36 Berline<\/p>\n<\/li>\n<li data-start=\"1909\" data-end=\"1968\">\n<p data-start=\"1911\" data-end=\"1968\"><strong data-start=\"1911\" data-end=\"1923\">Largeur :<\/strong> V3 avant +60 mm \/ V1 arri\u00e8re +45 mm par c\u00f4t\u00e9<\/p>\n<\/li>\n<li data-start=\"1969\" data-end=\"2048\">\n<p data-start=\"1971\" data-end=\"2048\"><strong data-start=\"1971\" data-end=\"1982\">Conception :<\/strong> V3 avec bouches d'a\u00e9ration (avant) \/ V1 sans poign\u00e9e de porte (arri\u00e8re)<\/p>\n<\/li>\n<\/ul>\n<p data-start=\"2050\" data-end=\"2091\"><strong data-start=\"2050\" data-end=\"2089\">Pourquoi choisir Race4DriftParts :<\/strong><\/p>\n<ul data-start=\"2092\" data-end=\"2312\">\n<li data-start=\"2092\" data-end=\"2137\">\n<p data-start=\"2094\" data-end=\"2137\">Stock important en <strong data-start=\"2112\" data-end=\"2135\">Roermond, Pays-Bas<\/strong><\/p>\n<\/li>\n<li data-start=\"2138\" data-end=\"2196\">\n<p data-start=\"2140\" data-end=\"2196\">Sp\u00e9cialiste en <strong data-start=\"2154\" data-end=\"2194\">pi\u00e8ces de d\u00e9rive, de course et de carrosserie<\/strong><\/p>\n<\/li>\n<li data-start=\"2197\" data-end=\"2234\">\n<p data-start=\"2199\" data-end=\"2234\"><strong data-start=\"2199\" data-end=\"2218\">Livraison rapide<\/strong> en Europe<\/p>\n<\/li>\n<li data-start=\"2235\" data-end=\"2312\">\n<p data-start=\"2237\" data-end=\"2312\"><strong data-start=\"2237\" data-end=\"2255\">Haute qualit\u00e9<\/strong>Une coupe parfaite et une finition \u00e9l\u00e9gante de type Felony<\/p>\n<\/li>\n<\/ul>\n<p data-start=\"2314\" data-end=\"2497\">Faites passer votre E36 Sedan \u00e0 la vitesse sup\u00e9rieure avec le <strong data-start=\"2362\" data-end=\"2430\">BMW E36 Sedan Overfenders Set V3\/V1 avec \u00e9vent et sans poign\u00e9e de porte<\/strong> - la combinaison parfaite de <strong data-start=\"2460\" data-end=\"2494\">style, performance et pr\u00e9cision<\/strong>.<\/p>","protected":false},"excerpt":{"rendered":"<p>Donnez \u00e0 votre BMW E36 Sedan un look large et agressif avec le kit de pare-chocs V3 avant +60mm \/ V1 arri\u00e8re +45mm Felony Style. Le V3 avant comprend des \u00e9vents fonctionnels et s'\u00e9largit de +60mm par c\u00f4t\u00e9, tandis que le V1 arri\u00e8re \u00e0 +45mm offre un look \u00e9l\u00e9gant et propre sans poign\u00e9es de porte. Fabriqu\u00e9 en fibre de verre (FRP) l\u00e9g\u00e8re et r\u00e9sistante avec une finition gelcoat blanche. Parfait pour les projets de drift, de course ou d'exposition.<br \/>\nApplication : BMW E36 Sedan<br \/>\nLargeur : V3 avant +60 mm (avec \u00e9vent) \/ V1 arri\u00e8re +45 mm (sans poign\u00e9e de porte)<br \/>\nMat\u00e9riau : Fibre de verre (FRP)<br \/>\nCouleur : gelcoat blanc<br \/>\nDesign : avec a\u00e9ration (avant) \/ sans poign\u00e9e de porte (arri\u00e8re)<\/p>","protected":false},"featured_media":54477,"comment_status":"open","ping_status":"closed","template":"","meta":{"_acf_changed":false},"product_brand":[4112],"product_cat":[160],"product_tag":[],"giftcard-category":[],"class_list":{"0":"post-54476","1":"product","2":"type-product","3":"status-publish","4":"has-post-thumbnail","6":"product_brand-mway","7":"product_cat-bodykits","10":"onbackorder","11":"taxable","12":"shipping-taxable","13":"purchasable","14":"product-type-simple","15":"product-grid-view"},"exclude_global_add_ons":[],"addons":[],"acf":[],"_links":{"self":[{"href":"https:\/\/race4driftparts.com\/fr\/wp-json\/wp\/v2\/product\/54476","targetHints":{"allow":["GET"]}}],"collection":[{"href":"https:\/\/race4driftparts.com\/fr\/wp-json\/wp\/v2\/product"}],"about":[{"href":"https:\/\/race4driftparts.com\/fr\/wp-json\/wp\/v2\/types\/product"}],"replies":[{"embeddable":true,"href":"https:\/\/race4driftparts.com\/fr\/wp-json\/wp\/v2\/comments?post=54476"}],"version-history":[{"count":0,"href":"https:\/\/race4driftparts.com\/fr\/wp-json\/wp\/v2\/product\/54476\/revisions"}],"wp:featuredmedia":[{"embeddable":true,"href":"https:\/\/race4driftparts.com\/fr\/wp-json\/wp\/v2\/media\/54477"}],"wp:attachment":[{"href":"https:\/\/race4driftparts.com\/fr\/wp-json\/wp\/v2\/media?parent=54476"}],"wp:term":[{"taxonomy":"product_brand","embeddable":true,"href":"https:\/\/race4driftparts.com\/fr\/wp-json\/wp\/v2\/product_brand?post=54476"},{"taxonomy":"product_cat","embeddable":true,"href":"https:\/\/race4driftparts.com\/fr\/wp-json\/wp\/v2\/product_cat?post=54476"},{"taxonomy":"product_tag","embeddable":true,"href":"https:\/\/race4driftparts.com\/fr\/wp-json\/wp\/v2\/product_tag?post=54476"},{"taxonomy":"giftcard-category","embeddable":true,"href":"https:\/\/race4driftparts.com\/fr\/wp-json\/wp\/v2\/giftcard-category?post=54476"}],"curies":[{"name":"wp","href":"https:\/\/api.w.org\/{rel}","templated":true}]}}