{"id":54484,"date":"2025-11-12T21:44:44","date_gmt":"2025-11-12T20:44:44","guid":{"rendered":"https:\/\/race4driftparts.com\/?post_type=product&#038;p=54484"},"modified":"2025-11-16T15:18:39","modified_gmt":"2025-11-16T14:18:39","slug":"bmw-e36-touring-overfenders-set-v1-front-35mm-rear-50mm-felony-style","status":"publish","type":"product","link":"https:\/\/race4driftparts.com\/fr\/shop\/exterieur\/bodykits\/bmw-e36-touring-overfenders-set-v1-front-35mm-rear-50mm-felony-style\/","title":{"rendered":"BMW E36 Touring Overfenders Set - V1 Avant +35mm \/ Arri\u00e8re +50mm (Felony Style)"},"content":{"rendered":"<h2>BMW E36 Touring Overfenders Set - V1 Avant +35mm \/ Arri\u00e8re +50mm (Felony Style)<\/h2>\n<p data-start=\"118\" data-end=\"545\">Donnez votre <strong data-start=\"126\" data-end=\"145\">BMW E36 Touring<\/strong> un look plus large, sportif et agressif gr\u00e2ce \u00e0 cette <strong data-start=\"204\" data-end=\"239\">Set d'overfenders V1 de style f\u00e9lon<\/strong>. Sp\u00e9cialement con\u00e7u pour la variante Touring, cet ensemble offre une <strong data-start=\"304\" data-end=\"324\">ajustement parfait<\/strong> et un <strong data-start=\"332\" data-end=\"349\">look large<\/strong> qui est \u00e0 la fois fonctionnel et visuellement impressionnant. Avec un espace suppl\u00e9mentaire pour des roues plus larges, vous pouvez facilement cr\u00e9er un espace de rangement. <strong data-start=\"463\" data-end=\"478\">position basse<\/strong> et des performances accrues pour une utilisation sur route, en drift ou sur circuit.<\/p>\n<p data-start=\"547\" data-end=\"956\">Les <strong data-start=\"550\" data-end=\"568\">V1 Overfenders<\/strong> s'inspirent de la c\u00e9l\u00e8bre <strong data-start=\"601\" data-end=\"631\">Formulaire Felony Style large<\/strong> du monde de la d\u00e9rive et du sport automobile et ont \u00e9t\u00e9 d\u00e9velopp\u00e9es avec des <strong data-start=\"688\" data-end=\"724\">pr\u00e9cision et souci du d\u00e9tail<\/strong>. La combinaison d'un <strong data-start=\"748\" data-end=\"786\">+\u00c9largissement de 35 mm \u00e0 l'avant<\/strong> et <strong data-start=\"790\" data-end=\"819\">+50 mm \u00e0 l'arri\u00e8re<\/strong> cr\u00e9e un look \u00e9quilibr\u00e9 et agressif qui met en valeur les lignes de la E36 Touring sans perdre son design d'origine.<\/p>\n<p data-start=\"958\" data-end=\"977\"><strong data-start=\"958\" data-end=\"975\">L'ensemble comprend<\/strong><\/p>\n<ul data-start=\"978\" data-end=\"1104\">\n<li data-start=\"978\" data-end=\"1045\">\n<p data-start=\"980\" data-end=\"1045\"><strong data-start=\"980\" data-end=\"1015\">Garde-boue avant (V1 Front) :<\/strong> +35 mm d'\u00e9largissement par c\u00f4t\u00e9<\/p>\n<\/li>\n<li data-start=\"1046\" data-end=\"1104\">\n<p data-start=\"1048\" data-end=\"1104\"><strong data-start=\"1048\" data-end=\"1074\">Garde-boue arri\u00e8re :<\/strong> +\u00c9largissement de 50 mm par c\u00f4t\u00e9<\/p>\n<\/li>\n<\/ul>\n<p data-start=\"1106\" data-end=\"1410\">Fabriqu\u00e9 en <strong data-start=\"1118\" data-end=\"1150\">Fibre de verre de haute qualit\u00e9 (FRP)<\/strong> et a termin\u00e9 avec un <strong data-start=\"1172\" data-end=\"1189\">gelcoat blanc<\/strong>Ces garde-boue sont l\u00e9gers, solides et faciles \u00e0 monter. L'espace suppl\u00e9mentaire pour les roues permet d'utiliser des jantes plus larges, ce qui offre une plus grande s\u00e9curit\u00e9. <strong data-start=\"1338\" data-end=\"1353\">meilleure prise en main<\/strong>, <strong data-start=\"1355\" data-end=\"1375\">plus de stabilit\u00e9<\/strong> et un <strong data-start=\"1383\" data-end=\"1407\">look robuste et large<\/strong>.<\/p>\n<p data-start=\"1412\" data-end=\"1425\"><strong data-start=\"1412\" data-end=\"1423\">Remarque :<\/strong><\/p>\n<ul data-start=\"1426\" data-end=\"1642\">\n<li data-start=\"1426\" data-end=\"1514\">\n<p data-start=\"1428\" data-end=\"1514\">Le produit est <strong data-start=\"1443\" data-end=\"1475\">non pr\u00e9par\u00e9 pour la peinture<\/strong> et est d\u00e9livr\u00e9 <strong data-start=\"1494\" data-end=\"1511\">sans primer<\/strong>.<\/p>\n<\/li>\n<li data-start=\"1515\" data-end=\"1642\">\n<p data-start=\"1517\" data-end=\"1642\">Pour de meilleurs r\u00e9sultats, il est recommand\u00e9 que la surface <strong data-start=\"1573\" data-end=\"1610\">pon\u00e7age l\u00e9ger et ajustement<\/strong> avant la pulv\u00e9risation ou l'assemblage.<\/p>\n<\/li>\n<\/ul>\n<p data-start=\"1644\" data-end=\"1664\"><strong data-start=\"1644\" data-end=\"1662\">Sp\u00e9cifications :<\/strong><\/p>\n<ul data-start=\"1665\" data-end=\"1822\">\n<li data-start=\"1665\" data-end=\"1700\">\n<p data-start=\"1667\" data-end=\"1700\"><strong data-start=\"1667\" data-end=\"1681\">Mat\u00e9riau :<\/strong> Fibre de verre (FRP)<\/p>\n<\/li>\n<li data-start=\"1701\" data-end=\"1729\">\n<p data-start=\"1703\" data-end=\"1729\"><strong data-start=\"1703\" data-end=\"1713\">Couleur :<\/strong> Gelcoat blanc<\/p>\n<\/li>\n<li data-start=\"1730\" data-end=\"1765\">\n<p data-start=\"1732\" data-end=\"1765\"><strong data-start=\"1732\" data-end=\"1747\">Application :<\/strong> BMW E36 Touring<\/p>\n<\/li>\n<li data-start=\"1766\" data-end=\"1822\">\n<p data-start=\"1768\" data-end=\"1822\"><strong data-start=\"1768\" data-end=\"1780\">Largeur :<\/strong> V1 Avant +35 mm \/ Arri\u00e8re +50 mm par c\u00f4t\u00e9<\/p>\n<\/li>\n<\/ul>\n<p data-start=\"1824\" data-end=\"1865\"><strong data-start=\"1824\" data-end=\"1863\">Pourquoi choisir Race4DriftParts :<\/strong><\/p>\n<ul data-start=\"1866\" data-end=\"2072\">\n<li data-start=\"1866\" data-end=\"1911\">\n<p data-start=\"1868\" data-end=\"1911\">Stock important en <strong data-start=\"1886\" data-end=\"1909\">Roermond, Pays-Bas<\/strong><\/p>\n<\/li>\n<li data-start=\"1912\" data-end=\"1970\">\n<p data-start=\"1914\" data-end=\"1970\">Sp\u00e9cialiste en <strong data-start=\"1928\" data-end=\"1968\">pi\u00e8ces de d\u00e9rive, de course et de carrosserie<\/strong><\/p>\n<\/li>\n<li data-start=\"1971\" data-end=\"2008\">\n<p data-start=\"1973\" data-end=\"2008\"><strong data-start=\"1973\" data-end=\"1992\">Livraison rapide<\/strong> en Europe<\/p>\n<\/li>\n<li data-start=\"2009\" data-end=\"2072\">\n<p data-start=\"2011\" data-end=\"2072\"><strong data-start=\"2011\" data-end=\"2029\">Haute qualit\u00e9<\/strong>La forme et le design de l'appareil sont parfaits pour les f\u00e9lons.<\/p>\n<\/li>\n<\/ul>\n<p data-start=\"2074\" data-end=\"2237\">Donnez \u00e0 votre E36 Touring le look widebody qu'elle m\u00e9rite avec le kit d'accessoires pour E36 Touring. <strong data-start=\"2135\" data-end=\"2173\">BMW E36 Touring V1 Overfenders Set<\/strong> - la combinaison id\u00e9ale de <strong data-start=\"2201\" data-end=\"2234\">style, coupe et performance<\/strong>.<\/p>","protected":false},"excerpt":{"rendered":"<h3>BMW E36 Touring Overfenders Set - V1 Avant +35mm \/ Arri\u00e8re +50mm (Felony Style)<\/h3>\n<p data-start=\"2278\" data-end=\"2638\">Am\u00e9liorez votre BMW E36 Touring avec le <strong data-start=\"2312\" data-end=\"2347\">Set d'overfenders V1 Felony Style<\/strong> pour un look large et agressif. Les <strong data-start=\"2393\" data-end=\"2433\">avant \u00e9largi de +35 mm de chaque c\u00f4t\u00e9<\/strong> et le <strong data-start=\"2440\" data-end=\"2472\">arri\u00e8re +50 mm par c\u00f4t\u00e9<\/strong> Pour plus d'espace et une position basse. Fabriqu\u00e9 en <strong data-start=\"2523\" data-end=\"2558\">Fibre de verre (FRP) l\u00e9g\u00e8re et r\u00e9sistante<\/strong> avec <strong data-start=\"2563\" data-end=\"2590\">finition gelcoat blanc<\/strong>. Parfait pour les projets de drift, de course ou d'exposition.<\/p>\n<p data-start=\"2640\" data-end=\"2777\" data-is-last-node=\"\" data-is-only-node=\"\"><strong data-start=\"2640\" data-end=\"2655\">Application :<\/strong> BMW E36 Touring<br data-start=\"2671\" data-end=\"2674\" \/><strong data-start=\"2674\" data-end=\"2686\">Largeur :<\/strong> V1 Avant +35 mm \/ Arri\u00e8re +50 mm<br data-start=\"2716\" data-end=\"2719\" \/><strong data-start=\"2719\" data-end=\"2733\">Mat\u00e9riau :<\/strong> Fibre de verre (FRP)<br data-start=\"2750\" data-end=\"2753\" \/><strong data-start=\"2753\" data-end=\"2763\">Couleur :<\/strong> Gelcoat blanc<\/p>","protected":false},"featured_media":54485,"comment_status":"open","ping_status":"closed","template":"","meta":{"_acf_changed":false},"product_brand":[4112],"product_cat":[160],"product_tag":[279,4027,3704,4123,4115,4113,4122,4117],"giftcard-category":[],"class_list":{"0":"post-54484","1":"product","2":"type-product","3":"status-publish","4":"has-post-thumbnail","6":"product_brand-mway","7":"product_cat-bodykits","8":"product_tag-bmw","9":"product_tag-bmwe36","10":"product_tag-e36","11":"product_tag-e36touring","12":"product_tag-felony","13":"product_tag-mway","14":"product_tag-touring","15":"product_tag-widebody","18":"onbackorder","19":"taxable","20":"shipping-taxable","21":"purchasable","22":"product-type-simple","23":"product-grid-view"},"exclude_global_add_ons":[],"addons":[],"acf":[],"_links":{"self":[{"href":"https:\/\/race4driftparts.com\/fr\/wp-json\/wp\/v2\/product\/54484","targetHints":{"allow":["GET"]}}],"collection":[{"href":"https:\/\/race4driftparts.com\/fr\/wp-json\/wp\/v2\/product"}],"about":[{"href":"https:\/\/race4driftparts.com\/fr\/wp-json\/wp\/v2\/types\/product"}],"replies":[{"embeddable":true,"href":"https:\/\/race4driftparts.com\/fr\/wp-json\/wp\/v2\/comments?post=54484"}],"version-history":[{"count":0,"href":"https:\/\/race4driftparts.com\/fr\/wp-json\/wp\/v2\/product\/54484\/revisions"}],"wp:featuredmedia":[{"embeddable":true,"href":"https:\/\/race4driftparts.com\/fr\/wp-json\/wp\/v2\/media\/54485"}],"wp:attachment":[{"href":"https:\/\/race4driftparts.com\/fr\/wp-json\/wp\/v2\/media?parent=54484"}],"wp:term":[{"taxonomy":"product_brand","embeddable":true,"href":"https:\/\/race4driftparts.com\/fr\/wp-json\/wp\/v2\/product_brand?post=54484"},{"taxonomy":"product_cat","embeddable":true,"href":"https:\/\/race4driftparts.com\/fr\/wp-json\/wp\/v2\/product_cat?post=54484"},{"taxonomy":"product_tag","embeddable":true,"href":"https:\/\/race4driftparts.com\/fr\/wp-json\/wp\/v2\/product_tag?post=54484"},{"taxonomy":"giftcard-category","embeddable":true,"href":"https:\/\/race4driftparts.com\/fr\/wp-json\/wp\/v2\/giftcard-category?post=54484"}],"curies":[{"name":"wp","href":"https:\/\/api.w.org\/{rel}","templated":true}]}}