{"id":54543,"date":"2025-11-12T22:24:09","date_gmt":"2025-11-12T21:24:09","guid":{"rendered":"https:\/\/race4driftparts.com\/?post_type=product&#038;p=54543"},"modified":"2025-11-16T15:18:49","modified_gmt":"2025-11-16T14:18:49","slug":"bmw-e36-compact-overfenders-set-v3-front-60mm-with-vents-rear-felony-look-45mm","status":"publish","type":"product","link":"https:\/\/race4driftparts.com\/fr\/shop\/exterieur\/bodykits\/bmw-e36-compact-overfenders-set-v3-front-60mm-with-vents-rear-felony-look-45mm\/","title":{"rendered":"BMW E36 Compact Overfenders Set - V3 Front +60mm with Vents \/ Rear Felony Look +45mm"},"content":{"rendered":"<h2>BMW E36 Compact Overfenders Set - V3 Front +60mm with Vents \/ Rear Felony Look +45mm<\/h2>\n<p data-start=\"126\" data-end=\"553\">Donnez votre <strong data-start=\"134\" data-end=\"153\">BMW E36 Compact<\/strong> un look widebody extr\u00eame, agressif et fonctionnel gr\u00e2ce \u00e0 cette <strong data-start=\"223\" data-end=\"255\">Jeu de pare-chocs de style f\u00e9lon<\/strong>. La combinaison de <strong data-start=\"275\" data-end=\"318\">V3 Front +60 mm avec \u00e9vents<\/strong> et le <strong data-start=\"325\" data-end=\"352\">Regard f\u00e9lon arri\u00e8re +45 mm<\/strong> donne \u00e0 votre Compact un m\u00e9lange unique de <strong data-start=\"389\" data-end=\"454\">style sport automobile, lignes agressives et espace optimal entre les passages de roue<\/strong>. Id\u00e9al pour les projets de d\u00e9rive, de course ou d'exposition o\u00f9 le style et la fonctionnalit\u00e9 sont essentiels.<\/p>\n<p data-start=\"555\" data-end=\"915\">Les <strong data-start=\"558\" data-end=\"570\">V3 Front<\/strong> Les garde-boue sont \u00e9quip\u00e9s de <strong data-start=\"601\" data-end=\"638\">bouches d'a\u00e9ration fonctionnelles<\/strong>qui non seulement conf\u00e8rent un look de course robuste, mais am\u00e9liorent \u00e9galement le refroidissement des passages de roue avant. Les <strong data-start=\"751\" data-end=\"778\">Regard f\u00e9lon arri\u00e8re +45 mm<\/strong> Les garde-boue am\u00e9liorent l'arri\u00e8re de la voiture, offrent un espace suppl\u00e9mentaire pour des roues plus larges et conservent un style \u00e9pur\u00e9 et agressif.<\/p>\n<p data-start=\"917\" data-end=\"936\"><strong data-start=\"917\" data-end=\"934\">L'ensemble comprend<\/strong><\/p>\n<ul data-start=\"937\" data-end=\"1115\">\n<li data-start=\"937\" data-end=\"1037\">\n<p data-start=\"939\" data-end=\"1037\"><strong data-start=\"939\" data-end=\"974\">Garde-boue avant (V3 Front) :<\/strong> +60 mm d'\u00e9largissement par c\u00f4t\u00e9, avec \u00e9vents<\/p>\n<\/li>\n<li data-start=\"1038\" data-end=\"1115\">\n<p data-start=\"1040\" data-end=\"1115\"><strong data-start=\"1040\" data-end=\"1085\">D\u00e9flecteurs arri\u00e8re (Rear Felony Look) :<\/strong> +\u00c9largissement de 45 mm de chaque c\u00f4t\u00e9<\/p>\n<\/li>\n<\/ul>\n<p data-start=\"1117\" data-end=\"1426\">Fabriqu\u00e9 en <strong data-start=\"1129\" data-end=\"1161\">Fibre de verre de haute qualit\u00e9 (FRP)<\/strong> et a termin\u00e9 avec un <strong data-start=\"1183\" data-end=\"1200\">gelcoat blanc<\/strong>Ces garde-boue sont l\u00e9gers, solides et faciles \u00e0 monter. La largeur suppl\u00e9mentaire permet de monter des jantes et des pneus plus larges, ce qui garantit une meilleure s\u00e9curit\u00e9. <strong data-start=\"1355\" data-end=\"1383\">meilleure adh\u00e9rence, stabilit\u00e9<\/strong> et un <strong data-start=\"1391\" data-end=\"1423\">look widebody extr\u00eamement robuste<\/strong>.<\/p>\n<p data-start=\"1428\" data-end=\"1441\"><strong data-start=\"1428\" data-end=\"1439\">Remarque :<\/strong><\/p>\n<ul data-start=\"1442\" data-end=\"1658\">\n<li data-start=\"1442\" data-end=\"1530\">\n<p data-start=\"1444\" data-end=\"1530\">Le produit est <strong data-start=\"1459\" data-end=\"1491\">non pr\u00e9par\u00e9 pour la peinture<\/strong> et est d\u00e9livr\u00e9 <strong data-start=\"1510\" data-end=\"1527\">sans primer<\/strong>.<\/p>\n<\/li>\n<li data-start=\"1531\" data-end=\"1658\">\n<p data-start=\"1533\" data-end=\"1658\">Pour de meilleurs r\u00e9sultats, il est recommand\u00e9 que la surface <strong data-start=\"1589\" data-end=\"1626\">pon\u00e7age l\u00e9ger et ajustement<\/strong> avant la pulv\u00e9risation ou l'assemblage.<\/p>\n<\/li>\n<\/ul>\n<p data-start=\"1660\" data-end=\"1680\"><strong data-start=\"1660\" data-end=\"1678\">Sp\u00e9cifications :<\/strong><\/p>\n<ul data-start=\"1681\" data-end=\"1918\">\n<li data-start=\"1681\" data-end=\"1716\">\n<p data-start=\"1683\" data-end=\"1716\"><strong data-start=\"1683\" data-end=\"1697\">Mat\u00e9riau :<\/strong> Fibre de verre (FRP)<\/p>\n<\/li>\n<li data-start=\"1717\" data-end=\"1745\">\n<p data-start=\"1719\" data-end=\"1745\"><strong data-start=\"1719\" data-end=\"1729\">Couleur :<\/strong> Gelcoat blanc<\/p>\n<\/li>\n<li data-start=\"1746\" data-end=\"1781\">\n<p data-start=\"1748\" data-end=\"1781\"><strong data-start=\"1748\" data-end=\"1763\">Application :<\/strong> BMW E36 Compact<\/p>\n<\/li>\n<li data-start=\"1782\" data-end=\"1850\">\n<p data-start=\"1784\" data-end=\"1850\"><strong data-start=\"1784\" data-end=\"1796\">Largeur :<\/strong> V3 Avant +60 mm \/ Arri\u00e8re Felony Look +45 mm par c\u00f4t\u00e9<\/p>\n<\/li>\n<li data-start=\"1851\" data-end=\"1918\">\n<p data-start=\"1853\" data-end=\"1918\"><strong data-start=\"1853\" data-end=\"1864\">Conception :<\/strong> V3 avant avec bouches d'a\u00e9ration \/ arri\u00e8re Felony Look<\/p>\n<\/li>\n<\/ul>\n<p data-start=\"1920\" data-end=\"1961\"><strong data-start=\"1920\" data-end=\"1959\">Pourquoi choisir Race4DriftParts :<\/strong><\/p>\n<ul data-start=\"1962\" data-end=\"2178\">\n<li data-start=\"1962\" data-end=\"2007\">\n<p data-start=\"1964\" data-end=\"2007\">Stock important en <strong data-start=\"1982\" data-end=\"2005\">Roermond, Pays-Bas<\/strong><\/p>\n<\/li>\n<li data-start=\"2008\" data-end=\"2066\">\n<p data-start=\"2010\" data-end=\"2066\">Sp\u00e9cialiste en <strong data-start=\"2024\" data-end=\"2064\">pi\u00e8ces de d\u00e9rive, de course et de carrosserie<\/strong><\/p>\n<\/li>\n<li data-start=\"2067\" data-end=\"2104\">\n<p data-start=\"2069\" data-end=\"2104\"><strong data-start=\"2069\" data-end=\"2088\">Livraison rapide<\/strong> en Europe<\/p>\n<\/li>\n<li data-start=\"2105\" data-end=\"2178\">\n<p data-start=\"2107\" data-end=\"2178\"><strong data-start=\"2107\" data-end=\"2125\">Haute qualit\u00e9<\/strong>Un ajustement parfait et une finition r\u00e9sistante de type Felony<\/p>\n<\/li>\n<\/ul>\n<p data-start=\"2180\" data-end=\"2364\">Transformez votre E36 Compact avec le <strong data-start=\"2215\" data-end=\"2290\">BMW E36 Compact Overfenders Set V3 Avant +60mm \/ Arri\u00e8re Felony Look +45mm<\/strong> - la combinaison parfaite de <strong data-start=\"2320\" data-end=\"2361\">style, performance et fonctionnalit\u00e9<\/strong>.<\/p>","protected":false},"excerpt":{"rendered":"<h3><em>BMW E36 Compact Overfenders Set - V3 Front +60mm with Vents \/ Rear Felony Look +45mm<\/em><\/h3>\n<p data-start=\"2405\" data-end=\"2840\">Donnez \u00e0 votre BMW E36 Compact un look large et agressif avec le kit d'accessoires pour BMW E36 Compact. <strong data-start=\"2465\" data-end=\"2524\">V3 Set d'overfenders avant +60mm \/ arri\u00e8re Felony Look +45mm<\/strong>. Les <strong data-start=\"2529\" data-end=\"2541\">V3 Front<\/strong> contient <strong data-start=\"2548\" data-end=\"2591\">\u00e9vents fonctionnels<\/strong> et \u00e9largit <strong data-start=\"2605\" data-end=\"2625\">+60 mm par c\u00f4t\u00e9<\/strong>, tandis que le <strong data-start=\"2638\" data-end=\"2658\">Vue arri\u00e8re de la f\u00e9lonie<\/strong> avec <strong data-start=\"2663\" data-end=\"2673\">+45 mm<\/strong> offre un espace suppl\u00e9mentaire pour les roues plus larges. Fabriqu\u00e9 en <strong data-start=\"2726\" data-end=\"2761\">Fibre de verre (FRP) l\u00e9g\u00e8re et r\u00e9sistante<\/strong> avec <strong data-start=\"2766\" data-end=\"2793\">finition gelcoat blanc<\/strong>. Id\u00e9al pour les projets de drift, de course ou d'exposition.<\/p>\n<p data-start=\"2842\" data-end=\"3059\" data-is-last-node=\"\" data-is-only-node=\"\"><strong data-start=\"2842\" data-end=\"2857\">Application :<\/strong> BMW E36 Compact<br data-start=\"2873\" data-end=\"2876\" \/><strong data-start=\"2876\" data-end=\"2888\">Largeur :<\/strong> V3 Avant +60 mm (avec \u00e9vent) \/ Arri\u00e8re Felony Look +45 mm<br data-start=\"2941\" data-end=\"2944\" \/><strong data-start=\"2944\" data-end=\"2958\">Mat\u00e9riau :<\/strong> Fibre de verre (FRP)<br data-start=\"2975\" data-end=\"2978\" \/><strong data-start=\"2978\" data-end=\"2988\">Couleur :<\/strong> Gelcoat blanc<br data-start=\"3002\" data-end=\"3005\" \/><strong data-start=\"3005\" data-end=\"3016\">Conception :<\/strong> V3 Front avec ventilation \/ Rear Felony Look<\/p>","protected":false},"featured_media":54544,"comment_status":"open","ping_status":"closed","template":"","meta":{"_acf_changed":false},"product_brand":[4112],"product_cat":[160],"product_tag":[279,4027,280,3704,4115,4113,4117],"giftcard-category":[],"class_list":{"0":"post-54543","1":"product","2":"type-product","3":"status-publish","4":"has-post-thumbnail","6":"product_brand-mway","7":"product_cat-bodykits","8":"product_tag-bmw","9":"product_tag-bmwe36","10":"product_tag-drift","11":"product_tag-e36","12":"product_tag-felony","13":"product_tag-mway","14":"product_tag-widebody","17":"onbackorder","18":"taxable","19":"shipping-taxable","20":"purchasable","21":"product-type-simple","22":"product-grid-view"},"exclude_global_add_ons":[],"addons":[],"acf":[],"_links":{"self":[{"href":"https:\/\/race4driftparts.com\/fr\/wp-json\/wp\/v2\/product\/54543","targetHints":{"allow":["GET"]}}],"collection":[{"href":"https:\/\/race4driftparts.com\/fr\/wp-json\/wp\/v2\/product"}],"about":[{"href":"https:\/\/race4driftparts.com\/fr\/wp-json\/wp\/v2\/types\/product"}],"replies":[{"embeddable":true,"href":"https:\/\/race4driftparts.com\/fr\/wp-json\/wp\/v2\/comments?post=54543"}],"version-history":[{"count":0,"href":"https:\/\/race4driftparts.com\/fr\/wp-json\/wp\/v2\/product\/54543\/revisions"}],"wp:featuredmedia":[{"embeddable":true,"href":"https:\/\/race4driftparts.com\/fr\/wp-json\/wp\/v2\/media\/54544"}],"wp:attachment":[{"href":"https:\/\/race4driftparts.com\/fr\/wp-json\/wp\/v2\/media?parent=54543"}],"wp:term":[{"taxonomy":"product_brand","embeddable":true,"href":"https:\/\/race4driftparts.com\/fr\/wp-json\/wp\/v2\/product_brand?post=54543"},{"taxonomy":"product_cat","embeddable":true,"href":"https:\/\/race4driftparts.com\/fr\/wp-json\/wp\/v2\/product_cat?post=54543"},{"taxonomy":"product_tag","embeddable":true,"href":"https:\/\/race4driftparts.com\/fr\/wp-json\/wp\/v2\/product_tag?post=54543"},{"taxonomy":"giftcard-category","embeddable":true,"href":"https:\/\/race4driftparts.com\/fr\/wp-json\/wp\/v2\/giftcard-category?post=54543"}],"curies":[{"name":"wp","href":"https:\/\/api.w.org\/{rel}","templated":true}]}}