{"id":55305,"date":"2025-12-16T20:05:38","date_gmt":"2025-12-16T19:05:38","guid":{"rendered":"https:\/\/race4driftparts.com\/?post_type=product&#038;p=55305"},"modified":"2025-12-16T20:44:27","modified_gmt":"2025-12-16T19:44:27","slug":"bmw-e36-coupe-roofspoiler-mway","status":"publish","type":"product","link":"https:\/\/race4driftparts.com\/fr\/shop\/exterieur\/spoilers\/bmw-e36-coupe-roof-spoiler-mway\/","title":{"rendered":"BMW E36 Coupe Becquet de toit Mway"},"content":{"rendered":"<h2>BMW E36 Coupe Becquet de toit Mway<\/h2>\n<p data-start=\"298\" data-end=\"498\">Con\u00e7u sp\u00e9cifiquement pour la BMW E36 Coup\u00e9, ce spoiler de toit donne \u00e0 la voiture un look sportif et agressif. Le spoiler est fabriqu\u00e9 en fibre de verre et recouvert d'une couche de gelcoat noir.<\/p>\n<p data-start=\"500\" data-end=\"700\">Pour un r\u00e9sultat \u00e9l\u00e9gant et durable, le produit doit \u00eatre appr\u00eat\u00e9 avant d'\u00eatre pulv\u00e9ris\u00e9.<\/p>\n<p data-start=\"702\" data-end=\"804\">Id\u00e9al pour une utilisation sur route, sur circuit ou pour les voitures de drift o\u00f9 l'esth\u00e9tique et la fonctionnalit\u00e9 s'allient.<\/p>\n<p data-start=\"702\" data-end=\"804\">D\u00e9lai de livraison si pas en stock 1 \u00e0 2 semaines.<\/p>\n<p data-start=\"702\" data-end=\"804\">En stock ? 1 \u00e0 2 jours (Pays-Bas)<\/p>","protected":false},"excerpt":{"rendered":"<h3>BMW E36 Coupe Becquet de toit Mway<\/h3>\n<p>Aileron de toit pour BMW E36 Coup\u00e9, en fibre de verre avec finition gelcoat noire. N'est pas pr\u00eat \u00e0 \u00eatre pulv\u00e9ris\u00e9 directement, une couche d'appr\u00eat est n\u00e9cessaire.<\/p>","protected":false},"featured_media":55309,"comment_status":"open","ping_status":"closed","template":"","meta":{"_acf_changed":false},"product_brand":[4112],"product_cat":[153],"product_tag":[279,3704,2268,3865,4113,4157,4156],"giftcard-category":[],"class_list":{"0":"post-55305","1":"product","2":"type-product","3":"status-publish","4":"has-post-thumbnail","6":"product_brand-mway","7":"product_cat-spoilers","8":"product_tag-bmw","9":"product_tag-e36","10":"product_tag-e36-coupe","11":"product_tag-m3","12":"product_tag-mway","13":"product_tag-roofspoiler","14":"product_tag-roofwing","17":"onbackorder","18":"taxable","19":"shipping-taxable","20":"purchasable","21":"product-type-simple","22":"product-grid-view"},"exclude_global_add_ons":[],"addons":[],"acf":[],"_links":{"self":[{"href":"https:\/\/race4driftparts.com\/fr\/wp-json\/wp\/v2\/product\/55305","targetHints":{"allow":["GET"]}}],"collection":[{"href":"https:\/\/race4driftparts.com\/fr\/wp-json\/wp\/v2\/product"}],"about":[{"href":"https:\/\/race4driftparts.com\/fr\/wp-json\/wp\/v2\/types\/product"}],"replies":[{"embeddable":true,"href":"https:\/\/race4driftparts.com\/fr\/wp-json\/wp\/v2\/comments?post=55305"}],"version-history":[{"count":0,"href":"https:\/\/race4driftparts.com\/fr\/wp-json\/wp\/v2\/product\/55305\/revisions"}],"wp:featuredmedia":[{"embeddable":true,"href":"https:\/\/race4driftparts.com\/fr\/wp-json\/wp\/v2\/media\/55309"}],"wp:attachment":[{"href":"https:\/\/race4driftparts.com\/fr\/wp-json\/wp\/v2\/media?parent=55305"}],"wp:term":[{"taxonomy":"product_brand","embeddable":true,"href":"https:\/\/race4driftparts.com\/fr\/wp-json\/wp\/v2\/product_brand?post=55305"},{"taxonomy":"product_cat","embeddable":true,"href":"https:\/\/race4driftparts.com\/fr\/wp-json\/wp\/v2\/product_cat?post=55305"},{"taxonomy":"product_tag","embeddable":true,"href":"https:\/\/race4driftparts.com\/fr\/wp-json\/wp\/v2\/product_tag?post=55305"},{"taxonomy":"giftcard-category","embeddable":true,"href":"https:\/\/race4driftparts.com\/fr\/wp-json\/wp\/v2\/giftcard-category?post=55305"}],"curies":[{"name":"wp","href":"https:\/\/api.w.org\/{rel}","templated":true}]}}