{"id":55322,"date":"2025-12-16T20:23:20","date_gmt":"2025-12-16T19:23:20","guid":{"rendered":"https:\/\/race4driftparts.com\/?post_type=product&#038;p=55322"},"modified":"2025-12-16T20:32:20","modified_gmt":"2025-12-16T19:32:20","slug":"bmw-e36-compact-roofspoiler-mway","status":"publish","type":"product","link":"https:\/\/race4driftparts.com\/fr\/shop\/exterieur\/spoilers\/bmw-e36-compact-roof-spoiler-mway\/","title":{"rendered":"BMW E36 Compact Becquet de toit Mway"},"content":{"rendered":"<h2>BMW E36 Compact Becquet de toit Mway<\/h2>\n<p data-start=\"395\" data-end=\"623\">Con\u00e7u sp\u00e9cifiquement pour la BMW E36 Compact, ce becquet de toit donne \u00e0 la voiture un look sportif avec un ajustement parfait. Le spoiler est fabriqu\u00e9 en fibre de verre et est livr\u00e9 avec une finition gel coat noire.<\/p>\n<p data-start=\"625\" data-end=\"796\">Le produit n'est pas pr\u00e9par\u00e9 pour \u00eatre pulv\u00e9ris\u00e9 directement. Pour obtenir un r\u00e9sultat final de qualit\u00e9 et durable, il convient d'appliquer un appr\u00eat avant de pulv\u00e9riser le spoiler.<\/p>\n<p data-start=\"798\" data-end=\"960\">Le montage s'effectue \u00e0 l'aide d'un adh\u00e9sif de montage pour fen\u00eatres, qui assure une fixation ferme et nette sans per\u00e7age. Convient pour une utilisation sur route, sur circuit et pour les applications de drift.<\/p>\n<p data-start=\"798\" data-end=\"960\">D\u00e9lai de livraison 1 \u00e0 2 semaines si pas en stock.<\/p>\n<p data-start=\"798\" data-end=\"960\">En stock ? 1 \u00e0 2 jours ouvrables (Pays-Bas)<\/p>","protected":false},"excerpt":{"rendered":"<h3>BMW E36 Compact Becquet de toit Mway<\/h3>\n<p data-start=\"197\" data-end=\"358\">Aileron de toit pour BMW E36 Compact, en fibre de verre et fourni avec un gel coat noir. Montage \u00e0 l'aide de l'adh\u00e9sif de montage pour fen\u00eatres. N'est pas directement pr\u00eat \u00e0 \u00eatre peint, une couche d'appr\u00eat est n\u00e9cessaire.<\/p>","protected":false},"featured_media":55323,"comment_status":"open","ping_status":"closed","template":"","meta":{"_acf_changed":false},"product_brand":[4112],"product_cat":[153],"product_tag":[279,627,4160,3704,4158,4113,4157,4156],"giftcard-category":[],"class_list":{"0":"post-55322","1":"product","2":"type-product","3":"status-publish","4":"has-post-thumbnail","6":"product_brand-mway","7":"product_cat-spoilers","8":"product_tag-bmw","9":"product_tag-bmw-e36","10":"product_tag-dakspoiler","11":"product_tag-e36","12":"product_tag-e36-roofspoiler","13":"product_tag-mway","14":"product_tag-roofspoiler","15":"product_tag-roofwing","18":"onbackorder","19":"taxable","20":"shipping-taxable","21":"purchasable","22":"product-type-simple","23":"product-grid-view"},"exclude_global_add_ons":[],"addons":[],"acf":[],"_links":{"self":[{"href":"https:\/\/race4driftparts.com\/fr\/wp-json\/wp\/v2\/product\/55322","targetHints":{"allow":["GET"]}}],"collection":[{"href":"https:\/\/race4driftparts.com\/fr\/wp-json\/wp\/v2\/product"}],"about":[{"href":"https:\/\/race4driftparts.com\/fr\/wp-json\/wp\/v2\/types\/product"}],"replies":[{"embeddable":true,"href":"https:\/\/race4driftparts.com\/fr\/wp-json\/wp\/v2\/comments?post=55322"}],"version-history":[{"count":0,"href":"https:\/\/race4driftparts.com\/fr\/wp-json\/wp\/v2\/product\/55322\/revisions"}],"wp:featuredmedia":[{"embeddable":true,"href":"https:\/\/race4driftparts.com\/fr\/wp-json\/wp\/v2\/media\/55323"}],"wp:attachment":[{"href":"https:\/\/race4driftparts.com\/fr\/wp-json\/wp\/v2\/media?parent=55322"}],"wp:term":[{"taxonomy":"product_brand","embeddable":true,"href":"https:\/\/race4driftparts.com\/fr\/wp-json\/wp\/v2\/product_brand?post=55322"},{"taxonomy":"product_cat","embeddable":true,"href":"https:\/\/race4driftparts.com\/fr\/wp-json\/wp\/v2\/product_cat?post=55322"},{"taxonomy":"product_tag","embeddable":true,"href":"https:\/\/race4driftparts.com\/fr\/wp-json\/wp\/v2\/product_tag?post=55322"},{"taxonomy":"giftcard-category","embeddable":true,"href":"https:\/\/race4driftparts.com\/fr\/wp-json\/wp\/v2\/giftcard-category?post=55322"}],"curies":[{"name":"wp","href":"https:\/\/api.w.org\/{rel}","templated":true}]}}