{"id":55464,"date":"2026-01-06T14:37:28","date_gmt":"2026-01-06T13:37:28","guid":{"rendered":"https:\/\/race4driftparts.com\/?post_type=product&#038;p=55464"},"modified":"2026-01-06T18:05:53","modified_gmt":"2026-01-06T17:05:53","slug":"bmw-e36-linker-zijscherm-voorzijde-sedan-touring-compact-bouwjaar-vanaf-10-1996-2000","status":"publish","type":"product","link":"https:\/\/race4driftparts.com\/fr\/shop\/exterieur\/voorschermen\/bmw-e36-side-screen-left-front-sedan-touring-compact-year-from-10-1996-2000\/","title":{"rendered":"BMW E36 \u00c9cran lat\u00e9ral avant gauche Berline\/touring\/Compacte ann\u00e9e de construction 10\/1996 - 2000"},"content":{"rendered":"<h3>BMW E36 \u00c9cran lat\u00e9ral avant gauche Berline\/touring\/Compacte ann\u00e9e de construction 10\/1996 - 2000<\/h3>\n<p>Ecran lat\u00e9ral avec trou de clignotant pour BMW E36 Sedan, Touring ou compact.<\/p>\n<p>Construit de 10\/1996 \u00e0 2000.<\/p>\n<p>Observez attentivement la photo, car les trous des indicateurs sont diff\u00e9rents. Il s'agit du mod\u00e8le avec un trou d'indicateur viss\u00e9.<\/p>\n<p>Num\u00e9ro OEM :<\/p>\n<ul>\n<li>BMW 41358223922<\/li>\n<\/ul>","protected":false},"excerpt":{"rendered":"<h3>BMW E36 \u00c9cran lat\u00e9ral avant gauche Berline\/touring\/Compacte ann\u00e9e de construction 10\/1996 - 2000<\/h3>\n<p>Ecran lat\u00e9ral avec trou de clignotant pour BMW E36 Sedan, Touring ou compact.<\/p>\n<p>Construit de 10\/1996 \u00e0 2000.<\/p>\n<p>Observez attentivement la photo, car les trous des indicateurs sont diff\u00e9rents. Il s'agit du mod\u00e8le avec un trou d'indicateur viss\u00e9.<\/p>\n<p>Num\u00e9ro OEM :<\/p>\n<ul>\n<li>BMW 41358223922<\/li>\n<\/ul>","protected":false},"featured_media":55465,"comment_status":"open","ping_status":"closed","template":"","meta":{"_acf_changed":false},"product_brand":[4176],"product_cat":[4177],"product_tag":[],"giftcard-category":[],"class_list":{"0":"post-55464","1":"product","2":"type-product","3":"status-publish","4":"has-post-thumbnail","6":"product_brand-diederichs","7":"product_cat-voorschermen","10":"onbackorder","11":"taxable","12":"shipping-taxable","13":"purchasable","14":"product-type-simple","15":"product-grid-view"},"exclude_global_add_ons":[],"addons":[],"acf":[],"_links":{"self":[{"href":"https:\/\/race4driftparts.com\/fr\/wp-json\/wp\/v2\/product\/55464","targetHints":{"allow":["GET"]}}],"collection":[{"href":"https:\/\/race4driftparts.com\/fr\/wp-json\/wp\/v2\/product"}],"about":[{"href":"https:\/\/race4driftparts.com\/fr\/wp-json\/wp\/v2\/types\/product"}],"replies":[{"embeddable":true,"href":"https:\/\/race4driftparts.com\/fr\/wp-json\/wp\/v2\/comments?post=55464"}],"version-history":[{"count":0,"href":"https:\/\/race4driftparts.com\/fr\/wp-json\/wp\/v2\/product\/55464\/revisions"}],"wp:featuredmedia":[{"embeddable":true,"href":"https:\/\/race4driftparts.com\/fr\/wp-json\/wp\/v2\/media\/55465"}],"wp:attachment":[{"href":"https:\/\/race4driftparts.com\/fr\/wp-json\/wp\/v2\/media?parent=55464"}],"wp:term":[{"taxonomy":"product_brand","embeddable":true,"href":"https:\/\/race4driftparts.com\/fr\/wp-json\/wp\/v2\/product_brand?post=55464"},{"taxonomy":"product_cat","embeddable":true,"href":"https:\/\/race4driftparts.com\/fr\/wp-json\/wp\/v2\/product_cat?post=55464"},{"taxonomy":"product_tag","embeddable":true,"href":"https:\/\/race4driftparts.com\/fr\/wp-json\/wp\/v2\/product_tag?post=55464"},{"taxonomy":"giftcard-category","embeddable":true,"href":"https:\/\/race4driftparts.com\/fr\/wp-json\/wp\/v2\/giftcard-category?post=55464"}],"curies":[{"name":"wp","href":"https:\/\/api.w.org\/{rel}","templated":true}]}}