{"id":55467,"date":"2026-01-06T20:52:20","date_gmt":"2026-01-06T19:52:20","guid":{"rendered":"https:\/\/race4driftparts.com\/?post_type=product&#038;p=55467"},"modified":"2026-01-06T21:25:59","modified_gmt":"2026-01-06T20:25:59","slug":"bmw-e36-nierhouder-pre-facelift-1996","status":"publish","type":"product","link":"https:\/\/race4driftparts.com\/fr\/shop\/exterieur\/grille-en-nieren\/bmw-e36-support-de-rein-pre-facelift-1996\/","title":{"rendered":"BMW E36 Support de rein Pre-Facelift -1996"},"content":{"rendered":"<h2>BMW E36 Support de rein Pre-Facelift -1996<\/h2>\n<p data-start=\"274\" data-end=\"433\">Le pr\u00e9sent <strong data-start=\"279\" data-end=\"356\">Le support de grille est con\u00e7u pour la BMW s\u00e9rie 3 E36 pre-facelift (1991-1996)<\/strong> et constitue la base pour le montage des grilles de rein \u00e0 l'avant.<\/p>\n<p data-start=\"435\" data-end=\"629\">Le support se raccorde aux points de montage d'origine et assure un ajustement net et serr\u00e9.<br data-start=\"531\" data-end=\"534\" \/>Montage sur <strong data-start=\"545\" data-end=\"581\">D'autres ann\u00e9es de construction de l'E36 sont possibles<\/strong>, <strong data-start=\"583\" data-end=\"628\">en combinaison avec des grilles pr\u00e9mont\u00e9es<\/strong>.<\/p>\n<p data-start=\"631\" data-end=\"645\"><strong data-start=\"631\" data-end=\"645\">Caract\u00e9ristiques :<\/strong><\/p>\n<ul data-start=\"646\" data-end=\"829\">\n<li data-start=\"646\" data-end=\"695\">\n<p data-start=\"648\" data-end=\"695\">Convient \u00e0 la BMW E36 pr\u00e9-facelift (jusqu'\u00e0 1996)<\/p>\n<\/li>\n<li data-start=\"696\" data-end=\"744\">\n<p data-start=\"698\" data-end=\"744\">Pour le montage des grilles r\u00e9nales pr\u00e9-facelift<\/p>\n<\/li>\n<li data-start=\"745\" data-end=\"768\">\n<p data-start=\"747\" data-end=\"768\">Ajustement pr\u00e9cis<\/p>\n<\/li>\n<li data-start=\"769\" data-end=\"829\">\n<p data-start=\"771\" data-end=\"829\">Egalement applicable \u00e0 d'autres ann\u00e9es de construction avec des grilles correctes<\/p>\n<\/li>\n<\/ul>","protected":false},"excerpt":{"rendered":"<h3>BMW E36 Support de rein Pre-Facelift -1996<\/h3>\n<p data-start=\"124\" data-end=\"276\">Le support de gril convient pour <strong data-start=\"150\" data-end=\"192\">BMW E36 pre-facelift jusqu'\u00e0 l'ann\u00e9e-mod\u00e8le 1996<\/strong>. Assure une fixation solide et correcte des grilles de rein \u00e0 l'avant.<\/p>","protected":false},"featured_media":55468,"comment_status":"open","ping_status":"closed","template":"","meta":{"_acf_changed":false},"product_brand":[4176],"product_cat":[158],"product_tag":[279,627,3704,4179,4180],"giftcard-category":[],"class_list":{"0":"post-55467","1":"product","2":"type-product","3":"status-publish","4":"has-post-thumbnail","6":"product_brand-diederichs","7":"product_cat-grille-en-nieren","8":"product_tag-bmw","9":"product_tag-bmw-e36","10":"product_tag-e36","11":"product_tag-kidney-holder","12":"product_tag-pre-facelift","15":"onbackorder","16":"taxable","17":"shipping-taxable","18":"purchasable","19":"product-type-simple","20":"product-grid-view"},"exclude_global_add_ons":[],"addons":[],"acf":[],"_links":{"self":[{"href":"https:\/\/race4driftparts.com\/fr\/wp-json\/wp\/v2\/product\/55467","targetHints":{"allow":["GET"]}}],"collection":[{"href":"https:\/\/race4driftparts.com\/fr\/wp-json\/wp\/v2\/product"}],"about":[{"href":"https:\/\/race4driftparts.com\/fr\/wp-json\/wp\/v2\/types\/product"}],"replies":[{"embeddable":true,"href":"https:\/\/race4driftparts.com\/fr\/wp-json\/wp\/v2\/comments?post=55467"}],"version-history":[{"count":0,"href":"https:\/\/race4driftparts.com\/fr\/wp-json\/wp\/v2\/product\/55467\/revisions"}],"wp:featuredmedia":[{"embeddable":true,"href":"https:\/\/race4driftparts.com\/fr\/wp-json\/wp\/v2\/media\/55468"}],"wp:attachment":[{"href":"https:\/\/race4driftparts.com\/fr\/wp-json\/wp\/v2\/media?parent=55467"}],"wp:term":[{"taxonomy":"product_brand","embeddable":true,"href":"https:\/\/race4driftparts.com\/fr\/wp-json\/wp\/v2\/product_brand?post=55467"},{"taxonomy":"product_cat","embeddable":true,"href":"https:\/\/race4driftparts.com\/fr\/wp-json\/wp\/v2\/product_cat?post=55467"},{"taxonomy":"product_tag","embeddable":true,"href":"https:\/\/race4driftparts.com\/fr\/wp-json\/wp\/v2\/product_tag?post=55467"},{"taxonomy":"giftcard-category","embeddable":true,"href":"https:\/\/race4driftparts.com\/fr\/wp-json\/wp\/v2\/giftcard-category?post=55467"}],"curies":[{"name":"wp","href":"https:\/\/api.w.org\/{rel}","templated":true}]}}