{"id":55493,"date":"2026-01-07T19:41:05","date_gmt":"2026-01-07T18:41:05","guid":{"rendered":"https:\/\/race4driftparts.com\/?post_type=product&#038;p=55493"},"modified":"2026-01-07T19:41:08","modified_gmt":"2026-01-07T18:41:08","slug":"bmw-e36-motorkap-coupe-cabrio","status":"publish","type":"product","link":"https:\/\/race4driftparts.com\/fr\/shop\/exterieur\/motorkap\/bmw-e36-capot-coupe-cabriolet\/","title":{"rendered":"BMW E36 Capot Coupe - Cabriolet"},"content":{"rendered":"<h2>BMW E36 Capot Coupe - Cabriolet<\/h2>\n<p data-start=\"435\" data-end=\"693\">Le pr\u00e9sent <strong data-start=\"440\" data-end=\"463\">Bonnet de Diederich<\/strong> est adapt\u00e9 \u00e0 la <strong data-start=\"484\" data-end=\"532\">BMW S\u00e9rie 3 E36 Coup\u00e9 et Cabriolet (\u00b11991-1999)<\/strong> et constitue un excellent choix pour la r\u00e9paration des dommages ou la restauration. Diederichs fournit des pi\u00e8ces de carrosserie fiables qui r\u00e9pondent \u00e0 des normes de qualit\u00e9 \u00e9lev\u00e9es.<\/p>\n<p data-start=\"695\" data-end=\"951\">Le bonnet est fabriqu\u00e9 dans un mat\u00e9riau durable et se termine par un <strong data-start=\"766\" data-end=\"793\">couche d'appr\u00eat protectrice<\/strong>, qui assure une protection contre la corrosion pendant le transport et le stockage. Le capot est livr\u00e9 non peint et n\u00e9cessite une finition suppl\u00e9mentaire avant l'assemblage.<\/p>\n<p data-start=\"953\" data-end=\"1109\">Une solution pratique et abordable pour remplacer un capot endommag\u00e9 ou us\u00e9, tout en conservant l'aspect original de la BMW E36.<\/p>\n<p data-start=\"1111\" data-end=\"1125\"><strong data-start=\"1111\" data-end=\"1125\">Caract\u00e9ristiques :<\/strong><\/p>\n<ul data-start=\"1126\" data-end=\"1334\">\n<li data-start=\"1126\" data-end=\"1174\">\n<p data-start=\"1128\" data-end=\"1174\">Convient \u00e0 la BMW s\u00e9rie 3 E36 Coup\u00e9 et Cabriolet<\/p>\n<\/li>\n<li data-start=\"1175\" data-end=\"1223\">\n<p data-start=\"1177\" data-end=\"1223\">Capot de rechange de la marque Diederichs<\/p>\n<\/li>\n<li data-start=\"1224\" data-end=\"1246\">\n<p data-start=\"1226\" data-end=\"1246\">Livr\u00e9 non peint<\/p>\n<\/li>\n<li data-start=\"1247\" data-end=\"1287\">\n<p data-start=\"1249\" data-end=\"1287\">Avec couche d'appr\u00eat protectrice<\/p>\n<\/li>\n<li data-start=\"1288\" data-end=\"1334\">\n<p data-start=\"1290\" data-end=\"1334\">Convient pour la r\u00e9paration et la restauration des dommages<\/p>\n<\/li>\n<\/ul>","protected":false},"excerpt":{"rendered":"<h3>BMW E36 Capot Coupe - Cabriolet<\/h3>\n<p data-start=\"137\" data-end=\"375\">Capot Diederichs adapt\u00e9 \u00e0 la BMW s\u00e9rie 3 E36 Coup\u00e9 et Cabriolet. Capot de rechange de haute qualit\u00e9 avec ajustement OEM, id\u00e9al pour remplacer un capot d'origine endommag\u00e9. Livr\u00e9 avec une couche d'appr\u00eat protectrice, pr\u00eat \u00e0 \u00eatre peint.<\/p>","protected":false},"featured_media":55494,"comment_status":"open","ping_status":"closed","template":"","meta":{"_acf_changed":false},"product_brand":[4176],"product_cat":[4189],"product_tag":[627,4193,4192,4190,4191],"giftcard-category":[],"class_list":{"0":"post-55493","1":"product","2":"type-product","3":"status-publish","4":"has-post-thumbnail","6":"product_brand-diederichs","7":"product_cat-motorkap","8":"product_tag-bmw-e36","9":"product_tag-cabrio","10":"product_tag-coupe","11":"product_tag-hood","12":"product_tag-motorkap","15":"onbackorder","16":"taxable","17":"shipping-taxable","18":"purchasable","19":"product-type-simple","20":"product-grid-view"},"exclude_global_add_ons":[],"addons":[],"acf":[],"_links":{"self":[{"href":"https:\/\/race4driftparts.com\/fr\/wp-json\/wp\/v2\/product\/55493","targetHints":{"allow":["GET"]}}],"collection":[{"href":"https:\/\/race4driftparts.com\/fr\/wp-json\/wp\/v2\/product"}],"about":[{"href":"https:\/\/race4driftparts.com\/fr\/wp-json\/wp\/v2\/types\/product"}],"replies":[{"embeddable":true,"href":"https:\/\/race4driftparts.com\/fr\/wp-json\/wp\/v2\/comments?post=55493"}],"version-history":[{"count":0,"href":"https:\/\/race4driftparts.com\/fr\/wp-json\/wp\/v2\/product\/55493\/revisions"}],"wp:featuredmedia":[{"embeddable":true,"href":"https:\/\/race4driftparts.com\/fr\/wp-json\/wp\/v2\/media\/55494"}],"wp:attachment":[{"href":"https:\/\/race4driftparts.com\/fr\/wp-json\/wp\/v2\/media?parent=55493"}],"wp:term":[{"taxonomy":"product_brand","embeddable":true,"href":"https:\/\/race4driftparts.com\/fr\/wp-json\/wp\/v2\/product_brand?post=55493"},{"taxonomy":"product_cat","embeddable":true,"href":"https:\/\/race4driftparts.com\/fr\/wp-json\/wp\/v2\/product_cat?post=55493"},{"taxonomy":"product_tag","embeddable":true,"href":"https:\/\/race4driftparts.com\/fr\/wp-json\/wp\/v2\/product_tag?post=55493"},{"taxonomy":"giftcard-category","embeddable":true,"href":"https:\/\/race4driftparts.com\/fr\/wp-json\/wp\/v2\/giftcard-category?post=55493"}],"curies":[{"name":"wp","href":"https:\/\/api.w.org\/{rel}","templated":true}]}}