{"id":21499,"date":"2025-01-25T21:45:00","date_gmt":"2025-01-25T20:45:00","guid":{"rendered":"https:\/\/race4driftparts.com\/?post_type=product&#038;p=21499"},"modified":"2026-01-18T11:06:51","modified_gmt":"2026-01-18T10:06:51","slug":"e46-adapter-3-0-extra-remklauwen-bmw-handrem","status":"publish","type":"product","link":"https:\/\/race4driftparts.com\/nl\/shop\/remmen\/dubbele-remklauwhouders\/e46-adapter-3-0-extra-remklauwen-bmw-handrem\/","title":{"rendered":"BMW E46 Adapter 3.0 voor Extra Remklauwen &#038; Handrem (plug and play)"},"content":{"rendered":"<h2>BMW E46 Adapter 3.0 voor Extra Remklauwen &amp; Handrem (plug and play)<\/h2>\n<p data-start=\"764\" data-end=\"1071\">Verbeter het remgedrag van je BMW 330i of 330d (E46) met onze adapters voor een complete hydraulische handrem dubbele klauwen set-up. Deze set bevat twee adapters \u2013 \u00e9\u00e9n voor de linker- en \u00e9\u00e9n voor de rechterzijde \u2013 waarmee je een hydraulische handrem eenvoudig kunt aansluiten op afzonderlijke remklauwen.<\/p>\n<p data-start=\"1073\" data-end=\"1436\">De installatie is snel en veilig: lassen is niet nodig, en de adapters kunnen met de bijgeleverde schroeven aan de achterbrug worden bevestigd. <strong data-start=\"1217\" data-end=\"1266\">Schroefdraadborgmiddel wordt niet meegeleverd<\/strong>, maar het gebruik van <strong data-start=\"1289\" data-end=\"1300\">Loctite<\/strong> wordt aanbevolen voor een veilige en stevige montage. Voor een correcte installatie is het noodzakelijk de ABS-sensor te verwijderen.<\/p>\n<p data-start=\"1438\" data-end=\"1774\">Deze adapters zijn perfect voor trackgebruik en performance-upgrades, en bieden een betrouwbare oplossing om het remsysteem van je BMW 330i of 330d (E46) te verbeteren. Twijfel je over compatibiliteit met jouw voertuig of de componenten die je wilt installeren? Neem telefonisch of per e-mail contact met ons op voor deskundig advies.<\/p>\n<p>&nbsp;<\/p>\n","protected":false},"excerpt":{"rendered":"<h3>BMW E46 Adapter 3.0 voor Extra Remklauwen &amp; Handrem (plug and play)<\/h3>\n<p>Upgrade je BMW E46 3.0 met onze hoogwaardige adapters voor extra remklauwen. De set bevat twee adapters (links en rechts) waarmee je eenvoudig een hydraulische handrem op een aparte remklauw kunt aansluiten. Montage is eenvoudig met de meegeleverde schroeven en schroefdraadborgmiddel; lassen is niet nodig. Verwijder de ABS-sensor voor installatie. Ideaal voor performance-upgrades en track gebruik.<\/p>\n","protected":false},"featured_media":21513,"comment_status":"open","ping_status":"closed","template":"","meta":{"_acf_changed":false},"product_brand":[],"product_cat":[121],"product_tag":[2564,2569,2581,2575,2579,2562,2572,2576,2578,2566,2580,2574,2573,2577,2568,2439,2570,1993],"giftcard-category":[],"class_list":{"0":"post-21499","1":"product","2":"type-product","3":"status-publish","4":"has-post-thumbnail","6":"product_cat-dubbele-remklauwhouders","7":"product_tag-bmw-3-0-brake-calipers","8":"product_tag-bmw-e46-3-0-brake-calipers","9":"product_tag-bmw-e46-3-0-brake-system-parts","10":"product_tag-bmw-e46-3-0-brake-upgrade","11":"product_tag-bmw-e46-3-0-handbrake-upgrade","12":"product_tag-bmw-e46-adapter","13":"product_tag-bmw-e46-brake-caliper-adapter","14":"product_tag-bmw-e46-brake-caliper-upgrade","15":"product_tag-bmw-e46-brake-parts-upgrade","16":"product_tag-bmw-e46-brake-system","17":"product_tag-bmw-e46-brake-system-upgrade","18":"product_tag-bmw-e46-brake-upgrade-kit","19":"product_tag-bmw-e46-handbrake-parts","20":"product_tag-bmw-e46-handbrake-system","21":"product_tag-bmw-e46-handbrake-upgrade","22":"product_tag-bmw-handbrake","23":"product_tag-e46-3-0-brake-system","24":"product_tag-e46-adapter","27":"instock","28":"taxable","29":"shipping-taxable","30":"purchasable","31":"product-type-simple","32":"product-grid-view"},"exclude_global_add_ons":[],"addons":[],"acf":[],"_links":{"self":[{"href":"https:\/\/race4driftparts.com\/nl\/wp-json\/wp\/v2\/product\/21499","targetHints":{"allow":["GET"]}}],"collection":[{"href":"https:\/\/race4driftparts.com\/nl\/wp-json\/wp\/v2\/product"}],"about":[{"href":"https:\/\/race4driftparts.com\/nl\/wp-json\/wp\/v2\/types\/product"}],"replies":[{"embeddable":true,"href":"https:\/\/race4driftparts.com\/nl\/wp-json\/wp\/v2\/comments?post=21499"}],"version-history":[{"count":0,"href":"https:\/\/race4driftparts.com\/nl\/wp-json\/wp\/v2\/product\/21499\/revisions"}],"wp:featuredmedia":[{"embeddable":true,"href":"https:\/\/race4driftparts.com\/nl\/wp-json\/wp\/v2\/media\/21513"}],"wp:attachment":[{"href":"https:\/\/race4driftparts.com\/nl\/wp-json\/wp\/v2\/media?parent=21499"}],"wp:term":[{"taxonomy":"product_brand","embeddable":true,"href":"https:\/\/race4driftparts.com\/nl\/wp-json\/wp\/v2\/product_brand?post=21499"},{"taxonomy":"product_cat","embeddable":true,"href":"https:\/\/race4driftparts.com\/nl\/wp-json\/wp\/v2\/product_cat?post=21499"},{"taxonomy":"product_tag","embeddable":true,"href":"https:\/\/race4driftparts.com\/nl\/wp-json\/wp\/v2\/product_tag?post=21499"},{"taxonomy":"giftcard-category","embeddable":true,"href":"https:\/\/race4driftparts.com\/nl\/wp-json\/wp\/v2\/giftcard-category?post=21499"}],"curies":[{"name":"wp","href":"https:\/\/api.w.org\/{rel}","templated":true}]}}