{"id":37941,"date":"2025-05-31T19:38:14","date_gmt":"2025-05-31T17:38:14","guid":{"rendered":"https:\/\/race4driftparts.com\/?post_type=product&#038;p=37941"},"modified":"2025-05-31T22:35:24","modified_gmt":"2025-05-31T20:35:24","slug":"nissan-patrol-front-panhard-rod-pre-2000-kopie","status":"publish","type":"product","link":"https:\/\/race4driftparts.com\/nl\/shop\/onderstel\/stabilisator-stang\/nissan-patrol-front-panhard-rod-pre-2000-kopie\/","title":{"rendered":"Nissan Patrol Panhard-stang voor v\u00f3\u00f3r 2002"},"content":{"rendered":"<p><strong>Nissan Patrol, Panhard-stang voor (v\u00f3\u00f3r 2002).<\/strong><\/p>\n<p>Deze Panhard-stang maakt het mogelijk om de aspositie rechts-links aan te passen, waardoor hij essentieel is voor elk voertuig met verhoogde ophanging. Een verhoging kan de as zijwaarts trekken, dus een correcte afstelling van de aspositie is noodzakelijk om goede rijeigenschappen te behouden.<\/p>\n<p><strong>Belangrijkste voordelen:<\/strong><\/p>\n<ul>\n<li>Gemaakt van zeer hard stangmateriaal voor duurzaamheid.<\/li>\n<li>Gepoedercoat met metaalgrafiet ter bescherming.<\/li>\n<\/ul>\n<p><strong>Belangrijkste kenmerken:<\/strong><\/p>\n<ul>\n<li>Past op Nissan Patrol geproduceerd v\u00f3\u00f3r 2002, met een kleine bus bij het frame.<\/li>\n<li>Een compatibele stang voor Patrol-modellen van na 2002 is ook verkrijgbaar in onze winkel.<\/li>\n<\/ul>\n","protected":false},"excerpt":{"rendered":"<p>Maakt aanpassing van de linker-\/rechteraspositie mogelijk.<\/p>\n","protected":false},"featured_media":37942,"comment_status":"open","ping_status":"closed","template":"","meta":{"_acf_changed":false},"product_brand":[400],"product_cat":[193,75,169],"product_tag":[3676,3677],"giftcard-category":[],"class_list":{"0":"post-37941","1":"product","2":"type-product","3":"status-publish","4":"has-post-thumbnail","6":"product_brand-cybul","7":"product_cat-stabilisator-stang","8":"product_cat-onderstel","9":"product_cat-draagarmen-en-spoorstangen","10":"product_tag-panhard-stang","11":"product_tag-railstang","14":"onbackorder","15":"taxable","16":"shipping-taxable","17":"purchasable","18":"product-type-simple","19":"product-grid-view"},"exclude_global_add_ons":[],"addons":[],"acf":[],"_links":{"self":[{"href":"https:\/\/race4driftparts.com\/nl\/wp-json\/wp\/v2\/product\/37941","targetHints":{"allow":["GET"]}}],"collection":[{"href":"https:\/\/race4driftparts.com\/nl\/wp-json\/wp\/v2\/product"}],"about":[{"href":"https:\/\/race4driftparts.com\/nl\/wp-json\/wp\/v2\/types\/product"}],"replies":[{"embeddable":true,"href":"https:\/\/race4driftparts.com\/nl\/wp-json\/wp\/v2\/comments?post=37941"}],"version-history":[{"count":0,"href":"https:\/\/race4driftparts.com\/nl\/wp-json\/wp\/v2\/product\/37941\/revisions"}],"wp:featuredmedia":[{"embeddable":true,"href":"https:\/\/race4driftparts.com\/nl\/wp-json\/wp\/v2\/media\/37942"}],"wp:attachment":[{"href":"https:\/\/race4driftparts.com\/nl\/wp-json\/wp\/v2\/media?parent=37941"}],"wp:term":[{"taxonomy":"product_brand","embeddable":true,"href":"https:\/\/race4driftparts.com\/nl\/wp-json\/wp\/v2\/product_brand?post=37941"},{"taxonomy":"product_cat","embeddable":true,"href":"https:\/\/race4driftparts.com\/nl\/wp-json\/wp\/v2\/product_cat?post=37941"},{"taxonomy":"product_tag","embeddable":true,"href":"https:\/\/race4driftparts.com\/nl\/wp-json\/wp\/v2\/product_tag?post=37941"},{"taxonomy":"giftcard-category","embeddable":true,"href":"https:\/\/race4driftparts.com\/nl\/wp-json\/wp\/v2\/giftcard-category?post=37941"}],"curies":[{"name":"wp","href":"https:\/\/api.w.org\/{rel}","templated":true}]}}