{"id":41580,"date":"2025-05-31T10:36:46","date_gmt":"2025-05-31T08:36:46","guid":{"rendered":"https:\/\/race4driftparts.com\/?post_type=product&#038;p=41580"},"modified":"2025-06-01T00:11:03","modified_gmt":"2025-05-31T22:11:03","slug":"fotel-sabelruggengraat","status":"publish","type":"product","link":"https:\/\/race4driftparts.com\/nl\/shop\/interieur\/kuip-stoelen\/fotel-sabelruggengraat\/","title":{"rendered":"FOTEL SABELT RUGGENGRAAT KUIPSTOEL"},"content":{"rendered":"<p><strong>Fotel&nbsp;Sabelt&nbsp;Spine<\/p>\n<p><\/strong>Homologacja:<strong> FIA&nbsp;8855-2021<\/p>\n<p><\/strong>Fotel Sabelt Spine to profesjonalny fotel wykonany z lekkiego w\u0142\u00f3kna szklanego.<br \/>Dzi\u0119ki temu rozwi\u0105zaniu fotel jest znacznie l\u017cejszy nie trac\u0105c tym swojej twardo\u015bci ani wytrzyma\u0142o\u015bci.<br \/>Wyst\u0119puje w\u00f3ch rozmiarach skorupy oraz trzech rozmiarach poduszek.<br \/>Posiada miejsca do zamocowania siatki na ok\u00e9.<\/p>\n","protected":false},"excerpt":{"rendered":"<p><strong>Fotel&nbsp;Sabelt&nbsp;Spine<\/p>\n<p><\/strong>Homologacja:<strong> FIA&nbsp;8855-2021<\/p>\n<p><\/strong>Fotel Sabelt Spine to profesjonalny fotel wykonany z lekkiego w\u0142\u00f3kna szklanego.<br \/>Dzi\u0119ki temu rozwi\u0105zaniu fotel jest znacznie l\u017cejszy nie trac\u0105c tym swojej twardo\u015bci ani wytrzyma\u0142o\u015bci.<br \/>Wyst\u0119puje w\u00f3ch rozmiarach skorupy oraz trzech rozmiarach poduszek.<br \/>Posiada miejsca do zamocowania siatki na ok\u00e9.<\/p>\n","protected":false},"featured_media":41588,"comment_status":"open","ping_status":"closed","template":"","meta":{"_acf_changed":false},"product_brand":[3788],"product_cat":[144,89],"product_tag":[3773,3772,3774,3775],"giftcard-category":[],"class_list":{"0":"post-41580","1":"product","2":"type-product","3":"status-publish","4":"has-post-thumbnail","6":"product_brand-sabelt","7":"product_cat-kuip-stoelen","8":"product_cat-interieur","9":"product_tag-kuipstoel","10":"product_tag-race-stoel","11":"product_tag-rally-stoel","12":"product_tag-sportstoel","15":"onbackorder","16":"taxable","17":"shipping-taxable","18":"purchasable","19":"product-type-simple","20":"product-grid-view"},"exclude_global_add_ons":[],"addons":[],"acf":[],"_links":{"self":[{"href":"https:\/\/race4driftparts.com\/nl\/wp-json\/wp\/v2\/product\/41580","targetHints":{"allow":["GET"]}}],"collection":[{"href":"https:\/\/race4driftparts.com\/nl\/wp-json\/wp\/v2\/product"}],"about":[{"href":"https:\/\/race4driftparts.com\/nl\/wp-json\/wp\/v2\/types\/product"}],"replies":[{"embeddable":true,"href":"https:\/\/race4driftparts.com\/nl\/wp-json\/wp\/v2\/comments?post=41580"}],"version-history":[{"count":0,"href":"https:\/\/race4driftparts.com\/nl\/wp-json\/wp\/v2\/product\/41580\/revisions"}],"wp:featuredmedia":[{"embeddable":true,"href":"https:\/\/race4driftparts.com\/nl\/wp-json\/wp\/v2\/media\/41588"}],"wp:attachment":[{"href":"https:\/\/race4driftparts.com\/nl\/wp-json\/wp\/v2\/media?parent=41580"}],"wp:term":[{"taxonomy":"product_brand","embeddable":true,"href":"https:\/\/race4driftparts.com\/nl\/wp-json\/wp\/v2\/product_brand?post=41580"},{"taxonomy":"product_cat","embeddable":true,"href":"https:\/\/race4driftparts.com\/nl\/wp-json\/wp\/v2\/product_cat?post=41580"},{"taxonomy":"product_tag","embeddable":true,"href":"https:\/\/race4driftparts.com\/nl\/wp-json\/wp\/v2\/product_tag?post=41580"},{"taxonomy":"giftcard-category","embeddable":true,"href":"https:\/\/race4driftparts.com\/nl\/wp-json\/wp\/v2\/giftcard-category?post=41580"}],"curies":[{"name":"wp","href":"https:\/\/api.w.org\/{rel}","templated":true}]}}