{"id":42306,"date":"2025-05-31T10:32:35","date_gmt":"2025-05-31T08:32:35","guid":{"rendered":"https:\/\/race4driftparts.com\/?post_type=product&#038;p=42306"},"modified":"2025-06-01T00:11:22","modified_gmt":"2025-05-31T22:11:22","slug":"riemen-sabelt-zilver-lpm-6-punts-2","status":"publish","type":"product","link":"https:\/\/race4driftparts.com\/nl\/shop\/interieur\/gordels\/riemen-sabelt-zilver-lpm-6-punts-2\/","title":{"rendered":"PASY SABELT ZILVER LPM 6-PUNKTOWE 2&#8243;"},"content":{"rendered":"<p><strong>Pasy Sabelt Silver LPM&nbsp;6-punktowe<br \/><\/strong><br \/>Homologacja: <strong>FIA 8853-2016<\/strong><\/p>\n<p>Szeroko\u015b\u0107: 2&#8243;<br \/>Ilo\u015b\u0107 punkt\u00f3w mocowania: 6<br \/>Dost\u0119pne met 3 kolorach<\/p>\n<p><strong>Wyprodukowane we W\u0142oszech<\/strong><\/p>\n","protected":false},"excerpt":{"rendered":"<p><strong>Pasy Sabelt Silver LPM&nbsp;6-punktowe<br \/><\/strong><br \/>Homologacja: <strong>FIA 8853-2016<\/strong><\/p>\n<p>Szeroko\u015b\u0107: 2&#8243;<br \/>Ilo\u015b\u0107 punkt\u00f3w mocowania: 6<br \/>Dost\u0119pne met 3 kolorach<\/p>\n<p><strong>Wyprodukowane we W\u0142oszech<\/strong><\/p>\n","protected":false},"featured_media":42307,"comment_status":"open","ping_status":"closed","template":"","meta":{"_acf_changed":false},"product_brand":[3788],"product_cat":[145,89],"product_tag":[3769,3768],"giftcard-category":[],"class_list":{"0":"post-42306","1":"product","2":"type-product","3":"status-publish","4":"has-post-thumbnail","6":"product_brand-sabelt","7":"product_cat-gordels","8":"product_cat-interieur","9":"product_tag-gordels","10":"product_tag-veiligheid","13":"onbackorder","14":"taxable","15":"shipping-taxable","16":"purchasable","17":"product-type-simple","18":"product-grid-view"},"exclude_global_add_ons":[],"addons":[],"acf":[],"_links":{"self":[{"href":"https:\/\/race4driftparts.com\/nl\/wp-json\/wp\/v2\/product\/42306","targetHints":{"allow":["GET"]}}],"collection":[{"href":"https:\/\/race4driftparts.com\/nl\/wp-json\/wp\/v2\/product"}],"about":[{"href":"https:\/\/race4driftparts.com\/nl\/wp-json\/wp\/v2\/types\/product"}],"replies":[{"embeddable":true,"href":"https:\/\/race4driftparts.com\/nl\/wp-json\/wp\/v2\/comments?post=42306"}],"version-history":[{"count":0,"href":"https:\/\/race4driftparts.com\/nl\/wp-json\/wp\/v2\/product\/42306\/revisions"}],"wp:featuredmedia":[{"embeddable":true,"href":"https:\/\/race4driftparts.com\/nl\/wp-json\/wp\/v2\/media\/42307"}],"wp:attachment":[{"href":"https:\/\/race4driftparts.com\/nl\/wp-json\/wp\/v2\/media?parent=42306"}],"wp:term":[{"taxonomy":"product_brand","embeddable":true,"href":"https:\/\/race4driftparts.com\/nl\/wp-json\/wp\/v2\/product_brand?post=42306"},{"taxonomy":"product_cat","embeddable":true,"href":"https:\/\/race4driftparts.com\/nl\/wp-json\/wp\/v2\/product_cat?post=42306"},{"taxonomy":"product_tag","embeddable":true,"href":"https:\/\/race4driftparts.com\/nl\/wp-json\/wp\/v2\/product_tag?post=42306"},{"taxonomy":"giftcard-category","embeddable":true,"href":"https:\/\/race4driftparts.com\/nl\/wp-json\/wp\/v2\/giftcard-category?post=42306"}],"curies":[{"name":"wp","href":"https:\/\/api.w.org\/{rel}","templated":true}]}}